{"id":11,"date":"2015-04-17T01:02:37","date_gmt":"2015-04-16T23:02:37","guid":{"rendered":"http:\/\/marcocueva.com\/?page_id=11"},"modified":"2020-10-13T21:22:02","modified_gmt":"2020-10-13T19:22:02","slug":"contact","status":"publish","type":"page","link":"https:\/\/marcocueva.com\/es\/about\/contact\/","title":{"rendered":"Cont\u00e1ctame"},"content":{"rendered":"<p>Para m\u00e1s informaci\u00f3n escr\u00edbeme a<br \/>\nCorreo: studio{at}marcocueva.com<br \/>\nTel: +46(0)739281788<\/p>\n<div class=\"gallery-frame \">","protected":false},"excerpt":{"rendered":"<p>Para m\u00e1s informaci\u00f3n escr\u00edbeme a Correo: studio{at}marcocueva.com Tel: +46(0)739281788<\/p>\n","protected":false},"author":1,"featured_media":0,"parent":5,"menu_order":0,"comment_status":"closed","ping_status":"closed","template":"","meta":{"jetpack_post_was_ever_published":false,"footnotes":""},"class_list":["post-11","page","type-page","status-publish","hentry"],"jetpack_shortlink":"https:\/\/wp.me\/P63sn4-b","jetpack-related-posts":[{"id":24,"url":"https:\/\/marcocueva.com\/es\/about\/resume\/","url_meta":{"origin":11,"position":0},"title":"Curriculum","author":"Marco Cueva","date":"abril 17, 2015","format":false,"excerpt":"","rel":"","context":"Entrada similar","block_context":{"text":"Entrada similar","link":""},"img":{"alt_text":"","src":"","width":0,"height":0},"classes":[]},{"id":34,"url":"https:\/\/marcocueva.com\/es\/","url_meta":{"origin":11,"position":1},"title":"Inicio","author":"Marco Cueva","date":"abril 17, 2015","format":false,"excerpt":"","rel":"","context":"Entrada similar","block_context":{"text":"Entrada similar","link":""},"img":{"alt_text":"","src":"","width":0,"height":0},"classes":[]},{"id":31,"url":"https:\/\/marcocueva.com\/es\/blog\/","url_meta":{"origin":11,"position":2},"title":"Bl\u00f3g","author":"Marco Cueva","date":"abril 17, 2015","format":false,"excerpt":"","rel":"","context":"Entrada similar","block_context":{"text":"Entrada similar","link":""},"img":{"alt_text":"","src":"","width":0,"height":0},"classes":[]},{"id":13,"url":"https:\/\/marcocueva.com\/es\/artist-portfolio\/","url_meta":{"origin":11,"position":3},"title":"Portafolio","author":"Marco Cueva","date":"abril 17, 2015","format":false,"excerpt":"","rel":"","context":"Entrada similar","block_context":{"text":"Entrada similar","link":""},"img":{"alt_text":"","src":"","width":0,"height":0},"classes":[]},{"id":5,"url":"https:\/\/marcocueva.com\/es\/about\/","url_meta":{"origin":11,"position":4},"title":"Datos Biogr\u00e1ficos","author":"Marco Cueva","date":"abril 16, 2015","format":false,"excerpt":"Acerca de... Marco Cueva: escultor. Nacido en 1965 en San Pedro Sula, Honduras. 1990-96 Estudios de arte en Kungliga Konsth\u00f6gskolan (Real Escuela Superior de Bellas Artes) en Estocolmo. Vivo y trabajo en Str\u00f6msbergs Bruk. Mi Trabajo: Mediante la escultura trato de investigar c\u00f3mo s\u00edmbolos y motivos culturales se transforman y\u2026","rel":"","context":"Entrada similar","block_context":{"text":"Entrada similar","link":""},"img":{"alt_text":"","src":"","width":0,"height":0},"classes":[]},{"id":4260,"url":"https:\/\/marcocueva.com\/es\/front-page\/","url_meta":{"origin":11,"position":5},"title":"Front Page","author":"Marco Cueva","date":"octubre 8, 2019","format":false,"excerpt":"","rel":"","context":"Entrada similar","block_context":{"text":"Entrada similar","link":""},"img":{"alt_text":"","src":"","width":0,"height":0},"classes":[]}],"jetpack_sharing_enabled":true,"_links":{"self":[{"href":"https:\/\/marcocueva.com\/es\/wp-json\/wp\/v2\/pages\/11","targetHints":{"allow":["GET"]}}],"collection":[{"href":"https:\/\/marcocueva.com\/es\/wp-json\/wp\/v2\/pages"}],"about":[{"href":"https:\/\/marcocueva.com\/es\/wp-json\/wp\/v2\/types\/page"}],"author":[{"embeddable":true,"href":"https:\/\/marcocueva.com\/es\/wp-json\/wp\/v2\/users\/1"}],"replies":[{"embeddable":true,"href":"https:\/\/marcocueva.com\/es\/wp-json\/wp\/v2\/comments?post=11"}],"version-history":[{"count":4,"href":"https:\/\/marcocueva.com\/es\/wp-json\/wp\/v2\/pages\/11\/revisions"}],"predecessor-version":[{"id":4334,"href":"https:\/\/marcocueva.com\/es\/wp-json\/wp\/v2\/pages\/11\/revisions\/4334"}],"up":[{"embeddable":true,"href":"https:\/\/marcocueva.com\/es\/wp-json\/wp\/v2\/pages\/5"}],"wp:attachment":[{"href":"https:\/\/marcocueva.com\/es\/wp-json\/wp\/v2\/media?parent=11"}],"curies":[{"name":"wp","href":"https:\/\/api.w.org\/{rel}","templated":true}]}}