{"id":34,"date":"2015-04-17T02:58:38","date_gmt":"2015-04-17T00:58:38","guid":{"rendered":"http:\/\/marcocueva.com\/?page_id=34"},"modified":"2025-03-11T00:21:49","modified_gmt":"2025-03-10T22:21:49","slug":"home","status":"publish","type":"page","link":"https:\/\/marcocueva.com\/es\/","title":{"rendered":"Inicio"},"content":{"rendered":"<div class=\"gallery-frame \">","protected":false},"excerpt":{"rendered":"","protected":false},"author":1,"featured_media":0,"parent":0,"menu_order":1,"comment_status":"closed","ping_status":"closed","template":"","meta":{"jetpack_post_was_ever_published":false,"footnotes":""},"class_list":["post-34","page","type-page","status-publish","hentry"],"jetpack_shortlink":"https:\/\/wp.me\/P63sn4-y","jetpack-related-posts":[{"id":24,"url":"https:\/\/marcocueva.com\/es\/about\/resume\/","url_meta":{"origin":34,"position":0},"title":"Curriculum","author":"Marco Cueva","date":"abril 17, 2015","format":false,"excerpt":"","rel":"","context":"Entrada similar","block_context":{"text":"Entrada similar","link":""},"img":{"alt_text":"","src":"","width":0,"height":0},"classes":[]},{"id":11,"url":"https:\/\/marcocueva.com\/es\/about\/contact\/","url_meta":{"origin":34,"position":1},"title":"Cont\u00e1ctame","author":"Marco Cueva","date":"abril 17, 2015","format":false,"excerpt":"Para m\u00e1s informaci\u00f3n escr\u00edbeme a Correo: studio{at}marcocueva.com Tel: +46(0)739281788","rel":"","context":"Entrada similar","block_context":{"text":"Entrada similar","link":""},"img":{"alt_text":"","src":"","width":0,"height":0},"classes":[]},{"id":13,"url":"https:\/\/marcocueva.com\/es\/artist-portfolio\/","url_meta":{"origin":34,"position":2},"title":"Portafolio","author":"Marco Cueva","date":"abril 17, 2015","format":false,"excerpt":"","rel":"","context":"Entrada similar","block_context":{"text":"Entrada similar","link":""},"img":{"alt_text":"","src":"","width":0,"height":0},"classes":[]},{"id":31,"url":"https:\/\/marcocueva.com\/es\/blog\/","url_meta":{"origin":34,"position":3},"title":"Bl\u00f3g","author":"Marco Cueva","date":"abril 17, 2015","format":false,"excerpt":"","rel":"","context":"Entrada similar","block_context":{"text":"Entrada similar","link":""},"img":{"alt_text":"","src":"","width":0,"height":0},"classes":[]},{"id":5,"url":"https:\/\/marcocueva.com\/es\/about\/","url_meta":{"origin":34,"position":4},"title":"Datos Biogr\u00e1ficos","author":"Marco Cueva","date":"abril 16, 2015","format":false,"excerpt":"Acerca de... Marco Cueva: escultor. Nacido en 1965 en San Pedro Sula, Honduras. 1990-96 Estudios de arte en Kungliga Konsth\u00f6gskolan (Real Escuela Superior de Bellas Artes) en Estocolmo. Vivo y trabajo en Str\u00f6msbergs Bruk. Mi Trabajo: Mediante la escultura trato de investigar c\u00f3mo s\u00edmbolos y motivos culturales se transforman y\u2026","rel":"","context":"Entrada similar","block_context":{"text":"Entrada similar","link":""},"img":{"alt_text":"","src":"","width":0,"height":0},"classes":[]},{"id":4896,"url":"https:\/\/marcocueva.com\/es\/artist-portfolio\/the-garden-of-earthly-delights\/","url_meta":{"origin":34,"position":5},"title":"El Jard\u00edn de las Delicias","author":"Marco Cueva","date":"septiembre 12, 2023","format":false,"excerpt":"\u00a0 Obra de arte: El Jard\u00edn de las Delicias A\u00f1o: 2023 Artista: Marco Cueva Material: Esculturas en granito de diferentes colores y diferentes partes del mundo Lugar: Terrenos del parque de Rannebergen en Gotemburgo Cliente: Bostadsbolaget G\u00f6teborg Asesora de arte: Pia Mauno El artista Marco Cueva, con sus esculturas de\u2026","rel":"","context":"Entrada similar","block_context":{"text":"Entrada similar","link":""},"img":{"alt_text":"","src":"https:\/\/i0.wp.com\/media1.marcocueva.com\/Rannebergen-1-of-2-2.jpg?fit=1200%2C900&ssl=1&resize=350%2C200","width":350,"height":200,"srcset":"https:\/\/i0.wp.com\/media1.marcocueva.com\/Rannebergen-1-of-2-2.jpg?fit=1200%2C900&ssl=1&resize=350%2C200 1x, https:\/\/i0.wp.com\/media1.marcocueva.com\/Rannebergen-1-of-2-2.jpg?fit=1200%2C900&ssl=1&resize=525%2C300 1.5x, https:\/\/i0.wp.com\/media1.marcocueva.com\/Rannebergen-1-of-2-2.jpg?fit=1200%2C900&ssl=1&resize=700%2C400 2x, https:\/\/i0.wp.com\/media1.marcocueva.com\/Rannebergen-1-of-2-2.jpg?fit=1200%2C900&ssl=1&resize=1050%2C600 3x"},"classes":[]}],"jetpack_sharing_enabled":true,"_links":{"self":[{"href":"https:\/\/marcocueva.com\/es\/wp-json\/wp\/v2\/pages\/34","targetHints":{"allow":["GET"]}}],"collection":[{"href":"https:\/\/marcocueva.com\/es\/wp-json\/wp\/v2\/pages"}],"about":[{"href":"https:\/\/marcocueva.com\/es\/wp-json\/wp\/v2\/types\/page"}],"author":[{"embeddable":true,"href":"https:\/\/marcocueva.com\/es\/wp-json\/wp\/v2\/users\/1"}],"replies":[{"embeddable":true,"href":"https:\/\/marcocueva.com\/es\/wp-json\/wp\/v2\/comments?post=34"}],"version-history":[{"count":13,"href":"https:\/\/marcocueva.com\/es\/wp-json\/wp\/v2\/pages\/34\/revisions"}],"predecessor-version":[{"id":5052,"href":"https:\/\/marcocueva.com\/es\/wp-json\/wp\/v2\/pages\/34\/revisions\/5052"}],"wp:attachment":[{"href":"https:\/\/marcocueva.com\/es\/wp-json\/wp\/v2\/media?parent=34"}],"curies":[{"name":"wp","href":"https:\/\/api.w.org\/{rel}","templated":true}]}}