{"id":4896,"date":"2023-09-12T21:28:23","date_gmt":"2023-09-12T19:28:23","guid":{"rendered":"https:\/\/marcocueva.com\/?page_id=4896"},"modified":"2024-05-12T21:44:03","modified_gmt":"2024-05-12T19:44:03","slug":"the-garden-of-earthly-delights","status":"publish","type":"page","link":"https:\/\/marcocueva.com\/es\/artist-portfolio\/the-garden-of-earthly-delights\/","title":{"rendered":"El Jard\u00edn de las Delicias"},"content":{"rendered":"<p>&nbsp;<\/p>\r\n<p>Obra de arte: El Jard\u00edn de las Delicias A\u00f1o: 2023 Artista: Marco Cueva Material: Esculturas en granito de diferentes colores y diferentes partes del mundo Lugar: Terrenos del parque de Rannebergen en Gotemburgo Cliente: Bostadsbolaget G\u00f6teborg Asesora de arte: Pia Mauno El artista Marco Cueva, con sus esculturas de piedra, ha poblado el hermoso entorno del parque de Rannebergen.\u00a0 Las esculturas entran en di\u00e1logo con las piedras existentes en la zona y juntas forman un sendero titulado Lustg\u00e5rden. La ruta incluye:<\/p>\r\n\r\n<figure class=\"wp-block-table\">\r\n<table>\r\n<tbody>\r\n<tr>\r\n<td>1.\u00bbNandhi\u00bb, un toro en granito negro\u00a0<\/td>\r\n<td>\u00a0<\/td>\r\n<td><a href=\"https:\/\/i0.wp.com\/media1.marcocueva.com\/20230928_123554474_iOS-Edit_1-scaled.jpg\"><img data-recalc-dims=\"1\" loading=\"lazy\" decoding=\"async\" data-attachment-id=\"4945\" data-permalink=\"https:\/\/marcocueva.com\/es\/artist-portfolio\/the-garden-of-earthly-delights\/20230928_123554474_ios-edit_1\/\" data-orig-file=\"https:\/\/i0.wp.com\/media1.marcocueva.com\/20230928_123554474_iOS-Edit_1-scaled.jpg?fit=1920%2C2560&amp;ssl=1\" data-orig-size=\"1920,2560\" data-comments-opened=\"0\" data-image-meta=\"{&quot;aperture&quot;:&quot;0&quot;,&quot;credit&quot;:&quot;&quot;,&quot;camera&quot;:&quot;&quot;,&quot;caption&quot;:&quot;&quot;,&quot;created_timestamp&quot;:&quot;0&quot;,&quot;copyright&quot;:&quot;&quot;,&quot;focal_length&quot;:&quot;0&quot;,&quot;iso&quot;:&quot;0&quot;,&quot;shutter_speed&quot;:&quot;0&quot;,&quot;title&quot;:&quot;&quot;,&quot;orientation&quot;:&quot;0&quot;}\" data-image-title=\"Nandhi\" data-image-description=\"\" data-image-caption=\"&lt;p&gt;\u00abNandhi\u00bb Rannebergen, G\u00f6teborg&lt;\/p&gt;\n\" data-large-file=\"https:\/\/i0.wp.com\/media1.marcocueva.com\/20230928_123554474_iOS-Edit_1-scaled.jpg?fit=768%2C1024&amp;ssl=1\" class=\"alignright wp-image-4945 size-medium\" src=\"https:\/\/i0.wp.com\/media1.marcocueva.com\/20230928_123554474_iOS-Edit_1.jpg?resize=100%2C134\" alt=\"Nandhi\" width=\"100\" height=\"134\" srcset=\"https:\/\/i0.wp.com\/media1.marcocueva.com\/20230928_123554474_iOS-Edit_1-scaled.jpg?resize=540%2C720&amp;ssl=1 540w, https:\/\/i0.wp.com\/media1.marcocueva.com\/20230928_123554474_iOS-Edit_1-scaled.jpg?resize=768%2C1024&amp;ssl=1 768w, https:\/\/i0.wp.com\/media1.marcocueva.com\/20230928_123554474_iOS-Edit_1-scaled.jpg?resize=1152%2C1536&amp;ssl=1 1152w, https:\/\/i0.wp.com\/media1.marcocueva.com\/20230928_123554474_iOS-Edit_1-scaled.jpg?resize=1536%2C2048&amp;ssl=1 1536w, https:\/\/i0.wp.com\/media1.marcocueva.com\/20230928_123554474_iOS-Edit_1-scaled.jpg?w=1920&amp;ssl=1 1920w\" sizes=\"auto, (max-width: 100px) 100vw, 100px\" \/><\/a>\u00a0<\/td>\r\n<\/tr>\r\n<tr>\r\n<td>2.\u00a0\u00abConejos blancos\u00bb, dos conejos blancos en granito gris claro<\/td>\r\n<td>\u00a0<a href=\"https:\/\/i0.wp.com\/media1.marcocueva.com\/Rannebergen-2-1-scaled.jpg\"><img data-recalc-dims=\"1\" loading=\"lazy\" decoding=\"async\" data-attachment-id=\"4921\" data-permalink=\"https:\/\/marcocueva.com\/es\/artist-portfolio\/the-garden-of-earthly-delights\/rannebergen-1-of-4\/\" data-orig-file=\"https:\/\/i0.wp.com\/media1.marcocueva.com\/Rannebergen-1-of-4.jpg?fit=1200%2C1600&amp;ssl=1\" data-orig-size=\"1200,1600\" data-comments-opened=\"0\" data-image-meta=\"{&quot;aperture&quot;:&quot;2.8&quot;,&quot;credit&quot;:&quot;&quot;,&quot;camera&quot;:&quot;iPhone 13 Pro Max&quot;,&quot;caption&quot;:&quot;&quot;,&quot;created_timestamp&quot;:&quot;1695903106&quot;,&quot;copyright&quot;:&quot;&quot;,&quot;focal_length&quot;:&quot;9&quot;,&quot;iso&quot;:&quot;25&quot;,&quot;shutter_speed&quot;:&quot;0.004&quot;,&quot;title&quot;:&quot;&quot;,&quot;orientation&quot;:&quot;0&quot;,&quot;latitude_ref&quot;:&quot;N&quot;,&quot;longitude_ref&quot;:&quot;E&quot;,&quot;exposure_bias&quot;:&quot;1\/256&quot;,&quot;flash&quot;:&quot;16&quot;}\" data-image-title=\"White Rabbit\" data-image-description=\"\" data-image-caption=\"&lt;p&gt;\u00abWhite Rabbit\u00bb&lt;br \/&gt;\nRannebergen, G\u00f6teborg&lt;\/p&gt;\n\" data-large-file=\"https:\/\/i0.wp.com\/media1.marcocueva.com\/Rannebergen-1-of-4.jpg?fit=768%2C1024&amp;ssl=1\" class=\"wp-image-4921  alignright\" src=\"https:\/\/i0.wp.com\/media1.marcocueva.com\/Rannebergen-1-of-4.jpg?resize=100%2C134\" alt=\"White Rabbit\" width=\"100\" height=\"134\" srcset=\"https:\/\/i0.wp.com\/media1.marcocueva.com\/Rannebergen-1-of-4.jpg?resize=540%2C720&amp;ssl=1 540w, https:\/\/i0.wp.com\/media1.marcocueva.com\/Rannebergen-1-of-4.jpg?resize=768%2C1024&amp;ssl=1 768w, https:\/\/i0.wp.com\/media1.marcocueva.com\/Rannebergen-1-of-4.jpg?resize=1152%2C1536&amp;ssl=1 1152w, https:\/\/i0.wp.com\/media1.marcocueva.com\/Rannebergen-1-of-4.jpg?w=1200&amp;ssl=1 1200w\" sizes=\"auto, (max-width: 100px) 100vw, 100px\" \/>\u00a0<\/a><\/td>\r\n<td>\u00a0<a href=\"https:\/\/i0.wp.com\/media1.marcocueva.com\/Rannebergen-1-scaled.jpg\"><img data-recalc-dims=\"1\" loading=\"lazy\" decoding=\"async\" data-attachment-id=\"4925\" data-permalink=\"https:\/\/marcocueva.com\/es\/artist-portfolio\/the-garden-of-earthly-delights\/rannebergen-2-of-4\/\" data-orig-file=\"https:\/\/i0.wp.com\/media1.marcocueva.com\/Rannebergen-2-of-4.jpg?fit=1200%2C1600&amp;ssl=1\" data-orig-size=\"1200,1600\" data-comments-opened=\"0\" data-image-meta=\"{&quot;aperture&quot;:&quot;2.8&quot;,&quot;credit&quot;:&quot;&quot;,&quot;camera&quot;:&quot;iPhone 13 Pro Max&quot;,&quot;caption&quot;:&quot;&quot;,&quot;created_timestamp&quot;:&quot;1695903212&quot;,&quot;copyright&quot;:&quot;&quot;,&quot;focal_length&quot;:&quot;9&quot;,&quot;iso&quot;:&quot;50&quot;,&quot;shutter_speed&quot;:&quot;0.01&quot;,&quot;title&quot;:&quot;&quot;,&quot;orientation&quot;:&quot;0&quot;,&quot;latitude_ref&quot;:&quot;N&quot;,&quot;longitude_ref&quot;:&quot;E&quot;,&quot;exposure_bias&quot;:&quot;1\/1&quot;,&quot;flash&quot;:&quot;16&quot;}\" data-image-title=\"White Rabbit\" data-image-description=\"&lt;p&gt;new work&lt;\/p&gt;\n\" data-image-caption=\"&lt;p&gt;\u00abWhite Rabbit\u00bb&lt;br \/&gt;\nRannebergen, G\u00f6teborg&lt;\/p&gt;\n\" data-large-file=\"https:\/\/i0.wp.com\/media1.marcocueva.com\/Rannebergen-2-of-4.jpg?fit=768%2C1024&amp;ssl=1\" class=\"wp-image-4925  alignright\" src=\"https:\/\/i0.wp.com\/media1.marcocueva.com\/Rannebergen-2-of-4.jpg?resize=100%2C134\" alt=\"White Rabbit\" width=\"100\" height=\"134\" srcset=\"https:\/\/i0.wp.com\/media1.marcocueva.com\/Rannebergen-2-of-4.jpg?resize=540%2C720&amp;ssl=1 540w, https:\/\/i0.wp.com\/media1.marcocueva.com\/Rannebergen-2-of-4.jpg?resize=768%2C1024&amp;ssl=1 768w, https:\/\/i0.wp.com\/media1.marcocueva.com\/Rannebergen-2-of-4.jpg?resize=1152%2C1536&amp;ssl=1 1152w, https:\/\/i0.wp.com\/media1.marcocueva.com\/Rannebergen-2-of-4.jpg?w=1200&amp;ssl=1 1200w\" sizes=\"auto, (max-width: 100px) 100vw, 100px\" \/><\/a><\/td>\r\n<\/tr>\r\n<tr>\r\n<td>3.\u00a0\u00abNeko\u00bb, un gato en granito rosa<\/td>\r\n<td>\u00a0<\/td>\r\n<td><a href=\"https:\/\/i0.wp.com\/media1.marcocueva.com\/Rannebergen-4-of-4.jpg\"><img data-recalc-dims=\"1\" loading=\"lazy\" decoding=\"async\" data-attachment-id=\"4928\" data-permalink=\"https:\/\/marcocueva.com\/es\/artist-portfolio\/the-garden-of-earthly-delights\/rannebergen-4-of-4\/\" data-orig-file=\"https:\/\/i0.wp.com\/media1.marcocueva.com\/Rannebergen-4-of-4.jpg?fit=1118%2C1600&amp;ssl=1\" data-orig-size=\"1118,1600\" data-comments-opened=\"0\" data-image-meta=\"{&quot;aperture&quot;:&quot;1.5&quot;,&quot;credit&quot;:&quot;&quot;,&quot;camera&quot;:&quot;iPhone 13 Pro Max&quot;,&quot;caption&quot;:&quot;&quot;,&quot;created_timestamp&quot;:&quot;1695903662&quot;,&quot;copyright&quot;:&quot;&quot;,&quot;focal_length&quot;:&quot;5.7&quot;,&quot;iso&quot;:&quot;50&quot;,&quot;shutter_speed&quot;:&quot;0.00625&quot;,&quot;title&quot;:&quot;&quot;,&quot;orientation&quot;:&quot;0&quot;,&quot;latitude_ref&quot;:&quot;N&quot;,&quot;longitude_ref&quot;:&quot;E&quot;,&quot;exposure_bias&quot;:&quot;1\/1&quot;,&quot;flash&quot;:&quot;16&quot;}\" data-image-title=\"Neko\" data-image-description=\"\" data-image-caption=\"&lt;p&gt;\u00abNeko\u00bb&lt;br \/&gt;\nRannebergen, G\u00f6teborg&lt;\/p&gt;\n\" data-large-file=\"https:\/\/i0.wp.com\/media1.marcocueva.com\/Rannebergen-4-of-4.jpg?fit=716%2C1024&amp;ssl=1\" class=\"alignright wp-image-4928 size-medium\" src=\"https:\/\/i0.wp.com\/media1.marcocueva.com\/Rannebergen-4-of-4.jpg?resize=100%2C134\" alt=\"Neko\" width=\"100\" height=\"134\" \/><\/a>\u00a0<\/td>\r\n<\/tr>\r\n<tr>\r\n<td>4.\u00bbPepe\u00bb, un zorrillo en granito gris oscuro<\/td>\r\n<td>\u00a0<\/td>\r\n<td>\u00a0<a href=\"https:\/\/i0.wp.com\/media1.marcocueva.com\/Rannebergen-1-of-2-2.jpg\"><img data-recalc-dims=\"1\" loading=\"lazy\" decoding=\"async\" data-attachment-id=\"4923\" data-permalink=\"https:\/\/marcocueva.com\/es\/artist-portfolio\/the-garden-of-earthly-delights\/rannebergen-2-of-2-2\/\" data-orig-file=\"https:\/\/i0.wp.com\/media1.marcocueva.com\/Rannebergen-2-of-2-2.jpg?fit=1600%2C1200&amp;ssl=1\" data-orig-size=\"1600,1200\" data-comments-opened=\"0\" data-image-meta=\"{&quot;aperture&quot;:&quot;1.5&quot;,&quot;credit&quot;:&quot;&quot;,&quot;camera&quot;:&quot;iPhone 13 Pro Max&quot;,&quot;caption&quot;:&quot;&quot;,&quot;created_timestamp&quot;:&quot;1695903917&quot;,&quot;copyright&quot;:&quot;&quot;,&quot;focal_length&quot;:&quot;5.7&quot;,&quot;iso&quot;:&quot;50&quot;,&quot;shutter_speed&quot;:&quot;0.0014492753623188&quot;,&quot;title&quot;:&quot;&quot;,&quot;orientation&quot;:&quot;0&quot;,&quot;latitude_ref&quot;:&quot;N&quot;,&quot;longitude_ref&quot;:&quot;E&quot;,&quot;exposure_bias&quot;:&quot;0\/1&quot;,&quot;flash&quot;:&quot;16&quot;}\" data-image-title=\"Pepe\" data-image-description=\"\" data-image-caption=\"&lt;p&gt;\u00abPepe\u00bb&lt;br \/&gt;\nRannebergen, G\u00f6teborg&lt;\/p&gt;\n\" data-large-file=\"https:\/\/i0.wp.com\/media1.marcocueva.com\/Rannebergen-2-of-2-2.jpg?fit=1024%2C768&amp;ssl=1\" class=\"alignright size-medium wp-image-4923\" src=\"https:\/\/i0.wp.com\/media1.marcocueva.com\/Rannebergen-2-of-2-2.jpg?resize=134%2C100\" alt=\"Pepe\" width=\"134\" height=\"100\" srcset=\"https:\/\/i0.wp.com\/media1.marcocueva.com\/Rannebergen-2-of-2-2.jpg?resize=720%2C540&amp;ssl=1 720w, https:\/\/i0.wp.com\/media1.marcocueva.com\/Rannebergen-2-of-2-2.jpg?resize=1024%2C768&amp;ssl=1 1024w, https:\/\/i0.wp.com\/media1.marcocueva.com\/Rannebergen-2-of-2-2.jpg?resize=768%2C576&amp;ssl=1 768w, https:\/\/i0.wp.com\/media1.marcocueva.com\/Rannebergen-2-of-2-2.jpg?resize=1536%2C1152&amp;ssl=1 1536w, https:\/\/i0.wp.com\/media1.marcocueva.com\/Rannebergen-2-of-2-2.jpg?w=1600&amp;ssl=1 1600w\" sizes=\"auto, (max-width: 134px) 100vw, 134px\" \/>\u00a0<\/a><\/td>\r\n<\/tr>\r\n<tr>\r\n<td>5.\u00bbAdam\u00bb, un hombre en granito gris oscuro.\u00a0<\/td>\r\n<td>\u00a0<\/td>\r\n<td>\u00a0<a href=\"https:\/\/i0.wp.com\/media1.marcocueva.com\/Rannebergen-13-1-scaled.jpg\"><img data-recalc-dims=\"1\" loading=\"lazy\" decoding=\"async\" data-attachment-id=\"4941\" data-permalink=\"https:\/\/marcocueva.com\/es\/artist-portfolio\/the-garden-of-earthly-delights\/rannebergen-13-2\/\" data-orig-file=\"https:\/\/i0.wp.com\/media1.marcocueva.com\/Rannebergen-13-1-scaled.jpg?fit=2560%2C1920&amp;ssl=1\" data-orig-size=\"2560,1920\" data-comments-opened=\"0\" data-image-meta=\"{&quot;aperture&quot;:&quot;1.5&quot;,&quot;credit&quot;:&quot;&quot;,&quot;camera&quot;:&quot;iPhone 13 Pro Max&quot;,&quot;caption&quot;:&quot;&quot;,&quot;created_timestamp&quot;:&quot;1695904278&quot;,&quot;copyright&quot;:&quot;&quot;,&quot;focal_length&quot;:&quot;5.7&quot;,&quot;iso&quot;:&quot;50&quot;,&quot;shutter_speed&quot;:&quot;0.00625&quot;,&quot;title&quot;:&quot;&quot;,&quot;orientation&quot;:&quot;0&quot;,&quot;exposure_bias&quot;:&quot;1\/1&quot;,&quot;flash&quot;:&quot;16&quot;}\" data-image-title=\"Adam\" data-image-description=\"\" data-image-caption=\"&lt;p&gt;\u00abAdam\u00bb&lt;br \/&gt;\nRannebergen, G\u00f6teborg&lt;\/p&gt;\n\" data-large-file=\"https:\/\/i0.wp.com\/media1.marcocueva.com\/Rannebergen-13-1-scaled.jpg?fit=1024%2C768&amp;ssl=1\" class=\"alignright size-medium wp-image-4941\" src=\"https:\/\/i0.wp.com\/media1.marcocueva.com\/Rannebergen-13-1.jpg?resize=100%2C134\" alt=\"Adam\" width=\"100\" height=\"134\" \/><\/a><\/td>\r\n<\/tr>\r\n<\/tbody>\r\n<\/table>\r\n<\/figure>\r\n\r\n<p>El artista describe esta obra: El grupo de esculturas se compone de cinco Faunos (animales con rasgos antropom\u00f3rficos) y un humano: Ad\u00e1n, retratados con la ayuda de estereotipos, pero no del todo exentos de encanto, basado libremente en mitolog\u00edas, im\u00e1genes, pel\u00edculas e historias que existen en nuestra conciencia colectiva. Marco Cueva es un escultor, nacido en 1965 en San Pedro Sula, Honduras.\u00a0Cueva estudi\u00f3 en el Real Instituto de Arte de Estocolmo. Vive y trabaja en Str\u00f6msbergsbruk. <img data-recalc-dims=\"1\" loading=\"lazy\" decoding=\"async\" data-attachment-id=\"4903\" data-permalink=\"https:\/\/marcocueva.com\/es\/artist-portfolio\/the-garden-of-earthly-delights\/placering_3-2\/\" data-orig-file=\"https:\/\/i0.wp.com\/media1.marcocueva.com\/placering_3-1.png?fit=2033%2C2897&amp;ssl=1\" data-orig-size=\"2033,2897\" data-comments-opened=\"0\" data-image-meta=\"{&quot;aperture&quot;:&quot;0&quot;,&quot;credit&quot;:&quot;&quot;,&quot;camera&quot;:&quot;&quot;,&quot;caption&quot;:&quot;&quot;,&quot;created_timestamp&quot;:&quot;0&quot;,&quot;copyright&quot;:&quot;&quot;,&quot;focal_length&quot;:&quot;0&quot;,&quot;iso&quot;:&quot;0&quot;,&quot;shutter_speed&quot;:&quot;0&quot;,&quot;title&quot;:&quot;&quot;,&quot;orientation&quot;:&quot;0&quot;}\" data-image-title=\"placering_3\" data-image-description=\"\" data-image-caption=\"\" data-large-file=\"https:\/\/i0.wp.com\/media1.marcocueva.com\/placering_3-1.png?fit=719%2C1024&amp;ssl=1\" class=\"aligncenter size-medium wp-image-4903\" src=\"https:\/\/i0.wp.com\/media1.marcocueva.com\/placering_3-1.png?resize=505%2C720\" alt=\"\" width=\"505\" height=\"720\" srcset=\"https:\/\/i0.wp.com\/media1.marcocueva.com\/placering_3-1.png?resize=505%2C720&amp;ssl=1 505w, https:\/\/i0.wp.com\/media1.marcocueva.com\/placering_3-1.png?resize=719%2C1024&amp;ssl=1 719w, https:\/\/i0.wp.com\/media1.marcocueva.com\/placering_3-1.png?resize=768%2C1094&amp;ssl=1 768w, https:\/\/i0.wp.com\/media1.marcocueva.com\/placering_3-1.png?resize=1078%2C1536&amp;ssl=1 1078w, https:\/\/i0.wp.com\/media1.marcocueva.com\/placering_3-1.png?resize=1437%2C2048&amp;ssl=1 1437w, https:\/\/i0.wp.com\/media1.marcocueva.com\/placering_3-1.png?w=2033&amp;ssl=1 2033w\" sizes=\"auto, (max-width: 505px) 100vw, 505px\" \/><\/p>\r\n<p>&nbsp;<\/p><div class=\"gallery-frame \">","protected":false},"excerpt":{"rendered":"<p>&nbsp; Obra de arte: El Jard\u00edn de las Delicias A\u00f1o: 2023 Artista: Marco Cueva Material: Esculturas en granito de diferentes colores y diferentes partes del mundo Lugar: Terrenos del parque de Rannebergen en Gotemburgo Cliente: Bostadsbolaget G\u00f6teborg Asesora de arte: Pia Mauno El artista Marco Cueva, con sus esculturas de piedra, ha poblado el hermoso [&hellip;]<\/p>\n","protected":false},"author":1,"featured_media":4919,"parent":13,"menu_order":0,"comment_status":"closed","ping_status":"closed","template":"page-templates\/fullwidthpage.php","meta":{"jetpack_post_was_ever_published":false,"footnotes":""},"class_list":["post-4896","page","type-page","status-publish","has-post-thumbnail","hentry"],"jetpack_shortlink":"https:\/\/wp.me\/P63sn4-1gY","jetpack-related-posts":[{"id":5,"url":"https:\/\/marcocueva.com\/es\/about\/","url_meta":{"origin":4896,"position":0},"title":"Datos Biogr\u00e1ficos","author":"Marco Cueva","date":"abril 16, 2015","format":false,"excerpt":"Acerca de... Marco Cueva: escultor. Nacido en 1965 en San Pedro Sula, Honduras. 1990-96 Estudios de arte en Kungliga Konsth\u00f6gskolan (Real Escuela Superior de Bellas Artes) en Estocolmo. Vivo y trabajo en Str\u00f6msbergs Bruk. Mi Trabajo: Mediante la escultura trato de investigar c\u00f3mo s\u00edmbolos y motivos culturales se transforman y\u2026","rel":"","context":"Entrada similar","block_context":{"text":"Entrada similar","link":""},"img":{"alt_text":"","src":"","width":0,"height":0},"classes":[]},{"id":34,"url":"https:\/\/marcocueva.com\/es\/","url_meta":{"origin":4896,"position":1},"title":"Inicio","author":"Marco Cueva","date":"abril 17, 2015","format":false,"excerpt":"","rel":"","context":"Entrada similar","block_context":{"text":"Entrada similar","link":""},"img":{"alt_text":"","src":"","width":0,"height":0},"classes":[]},{"id":24,"url":"https:\/\/marcocueva.com\/es\/about\/resume\/","url_meta":{"origin":4896,"position":2},"title":"Curriculum","author":"Marco Cueva","date":"abril 17, 2015","format":false,"excerpt":"","rel":"","context":"Entrada similar","block_context":{"text":"Entrada similar","link":""},"img":{"alt_text":"","src":"","width":0,"height":0},"classes":[]},{"id":31,"url":"https:\/\/marcocueva.com\/es\/blog\/","url_meta":{"origin":4896,"position":3},"title":"Bl\u00f3g","author":"Marco Cueva","date":"abril 17, 2015","format":false,"excerpt":"","rel":"","context":"Entrada similar","block_context":{"text":"Entrada similar","link":""},"img":{"alt_text":"","src":"","width":0,"height":0},"classes":[]},{"id":11,"url":"https:\/\/marcocueva.com\/es\/about\/contact\/","url_meta":{"origin":4896,"position":4},"title":"Cont\u00e1ctame","author":"Marco Cueva","date":"abril 17, 2015","format":false,"excerpt":"Para m\u00e1s informaci\u00f3n escr\u00edbeme a Correo: studio{at}marcocueva.com Tel: +46(0)739281788","rel":"","context":"Entrada similar","block_context":{"text":"Entrada similar","link":""},"img":{"alt_text":"","src":"","width":0,"height":0},"classes":[]},{"id":13,"url":"https:\/\/marcocueva.com\/es\/artist-portfolio\/","url_meta":{"origin":4896,"position":5},"title":"Portafolio","author":"Marco Cueva","date":"abril 17, 2015","format":false,"excerpt":"","rel":"","context":"Entrada similar","block_context":{"text":"Entrada similar","link":""},"img":{"alt_text":"","src":"","width":0,"height":0},"classes":[]}],"jetpack_sharing_enabled":true,"_links":{"self":[{"href":"https:\/\/marcocueva.com\/es\/wp-json\/wp\/v2\/pages\/4896","targetHints":{"allow":["GET"]}}],"collection":[{"href":"https:\/\/marcocueva.com\/es\/wp-json\/wp\/v2\/pages"}],"about":[{"href":"https:\/\/marcocueva.com\/es\/wp-json\/wp\/v2\/types\/page"}],"author":[{"embeddable":true,"href":"https:\/\/marcocueva.com\/es\/wp-json\/wp\/v2\/users\/1"}],"replies":[{"embeddable":true,"href":"https:\/\/marcocueva.com\/es\/wp-json\/wp\/v2\/comments?post=4896"}],"version-history":[{"count":14,"href":"https:\/\/marcocueva.com\/es\/wp-json\/wp\/v2\/pages\/4896\/revisions"}],"predecessor-version":[{"id":4915,"href":"https:\/\/marcocueva.com\/es\/wp-json\/wp\/v2\/pages\/4896\/revisions\/4915"}],"up":[{"embeddable":true,"href":"https:\/\/marcocueva.com\/es\/wp-json\/wp\/v2\/pages\/13"}],"wp:featuredmedia":[{"embeddable":true,"href":"https:\/\/marcocueva.com\/es\/wp-json\/wp\/v2\/media\/4919"}],"wp:attachment":[{"href":"https:\/\/marcocueva.com\/es\/wp-json\/wp\/v2\/media?parent=4896"}],"curies":[{"name":"wp","href":"https:\/\/api.w.org\/{rel}","templated":true}]}}