{"id":5,"date":"2015-04-16T21:51:11","date_gmt":"2015-04-16T21:51:11","guid":{"rendered":"http:\/\/marcocueva.com\/?page_id=5"},"modified":"2025-03-14T23:58:41","modified_gmt":"2025-03-14T21:58:41","slug":"about","status":"publish","type":"page","link":"https:\/\/marcocueva.com\/es\/about\/","title":{"rendered":"Datos Biogr\u00e1ficos"},"content":{"rendered":"<p><\/p>\n<p data-sourcepos=\"3:1-3:12\"><strong>Acerca de&#8230;<\/strong><\/p>\n<p data-sourcepos=\"5:1-5:211\"><strong>Marco Cueva:<\/strong> escultor. Nacido en 1965 en San Pedro Sula, Honduras. 1990-96 Estudios de arte en Kungliga Konsth\u00f6gskolan (Real Escuela Superior de Bellas Artes) en Estocolmo. Vivo y trabajo en Str\u00f6msbergs Bruk.<\/p>\n<p data-sourcepos=\"7:1-7:754\"><strong>Mi Trabajo:<\/strong> Mediante la escultura trato de investigar c\u00f3mo s\u00edmbolos y motivos culturales se transforman y reinterpretan en un contexto contempor\u00e1neo. Mediante el uso de formas reconocibles, quiero crear obras que inviten a la reflexi\u00f3n y al di\u00e1logo.<br \/>\nEn mis esculturas combino elementos de la historia del arte, la cultura popular y diferentes tradiciones culturales. Trato de crear obras que sean visualmente atractivas y intelectualmente estimulantes.<\/p>\n<p data-sourcepos=\"9:1-9:176\"><strong>El Blog: \u00abEn Construcci\u00f3n\u00bb:<\/strong> aqu\u00ed puedes encontrar trabajos en progreso, procesos en curso, mis \u00faltimas piezas, trabajo que hago para terceros y otras cosas que me inspiran e influyen.<\/p>\n<p><\/p>\n<div class=\"gallery-frame \">","protected":false},"excerpt":{"rendered":"<p>Acerca de&#8230; Marco Cueva: escultor. Nacido en 1965 en San Pedro Sula, Honduras. 1990-96 Estudios de arte en Kungliga Konsth\u00f6gskolan (Real Escuela Superior de Bellas Artes) en Estocolmo. Vivo y trabajo en Str\u00f6msbergs Bruk. Mi Trabajo: Mediante la escultura trato de investigar c\u00f3mo s\u00edmbolos y motivos culturales se transforman y reinterpretan en un contexto contempor\u00e1neo. [&hellip;]<\/p>\n","protected":false},"author":1,"featured_media":9,"parent":0,"menu_order":0,"comment_status":"closed","ping_status":"closed","template":"","meta":{"jetpack_post_was_ever_published":false,"footnotes":""},"class_list":["post-5","page","type-page","status-publish","has-post-thumbnail","hentry"],"jetpack_shortlink":"https:\/\/wp.me\/P63sn4-5","jetpack-related-posts":[{"id":4896,"url":"https:\/\/marcocueva.com\/es\/artist-portfolio\/the-garden-of-earthly-delights\/","url_meta":{"origin":5,"position":0},"title":"El Jard\u00edn de las Delicias","author":"Marco Cueva","date":"septiembre 12, 2023","format":false,"excerpt":"\u00a0 Obra de arte: El Jard\u00edn de las Delicias A\u00f1o: 2023 Artista: Marco Cueva Material: Esculturas en granito de diferentes colores y diferentes partes del mundo Lugar: Terrenos del parque de Rannebergen en Gotemburgo Cliente: Bostadsbolaget G\u00f6teborg Asesora de arte: Pia Mauno El artista Marco Cueva, con sus esculturas de\u2026","rel":"","context":"Entrada similar","block_context":{"text":"Entrada similar","link":""},"img":{"alt_text":"","src":"https:\/\/i0.wp.com\/media1.marcocueva.com\/Rannebergen-1-of-2-2.jpg?fit=1200%2C900&ssl=1&resize=350%2C200","width":350,"height":200,"srcset":"https:\/\/i0.wp.com\/media1.marcocueva.com\/Rannebergen-1-of-2-2.jpg?fit=1200%2C900&ssl=1&resize=350%2C200 1x, https:\/\/i0.wp.com\/media1.marcocueva.com\/Rannebergen-1-of-2-2.jpg?fit=1200%2C900&ssl=1&resize=525%2C300 1.5x, https:\/\/i0.wp.com\/media1.marcocueva.com\/Rannebergen-1-of-2-2.jpg?fit=1200%2C900&ssl=1&resize=700%2C400 2x, https:\/\/i0.wp.com\/media1.marcocueva.com\/Rannebergen-1-of-2-2.jpg?fit=1200%2C900&ssl=1&resize=1050%2C600 3x"},"classes":[]},{"id":24,"url":"https:\/\/marcocueva.com\/es\/about\/resume\/","url_meta":{"origin":5,"position":1},"title":"Curriculum","author":"Marco Cueva","date":"abril 17, 2015","format":false,"excerpt":"","rel":"","context":"Entrada similar","block_context":{"text":"Entrada similar","link":""},"img":{"alt_text":"","src":"","width":0,"height":0},"classes":[]},{"id":34,"url":"https:\/\/marcocueva.com\/es\/","url_meta":{"origin":5,"position":2},"title":"Inicio","author":"Marco Cueva","date":"abril 17, 2015","format":false,"excerpt":"","rel":"","context":"Entrada similar","block_context":{"text":"Entrada similar","link":""},"img":{"alt_text":"","src":"","width":0,"height":0},"classes":[]},{"id":31,"url":"https:\/\/marcocueva.com\/es\/blog\/","url_meta":{"origin":5,"position":3},"title":"Bl\u00f3g","author":"Marco Cueva","date":"abril 17, 2015","format":false,"excerpt":"","rel":"","context":"Entrada similar","block_context":{"text":"Entrada similar","link":""},"img":{"alt_text":"","src":"","width":0,"height":0},"classes":[]},{"id":11,"url":"https:\/\/marcocueva.com\/es\/about\/contact\/","url_meta":{"origin":5,"position":4},"title":"Cont\u00e1ctame","author":"Marco Cueva","date":"abril 17, 2015","format":false,"excerpt":"Para m\u00e1s informaci\u00f3n escr\u00edbeme a Correo: studio{at}marcocueva.com Tel: +46(0)739281788","rel":"","context":"Entrada similar","block_context":{"text":"Entrada similar","link":""},"img":{"alt_text":"","src":"","width":0,"height":0},"classes":[]},{"id":13,"url":"https:\/\/marcocueva.com\/es\/artist-portfolio\/","url_meta":{"origin":5,"position":5},"title":"Portafolio","author":"Marco Cueva","date":"abril 17, 2015","format":false,"excerpt":"","rel":"","context":"Entrada similar","block_context":{"text":"Entrada similar","link":""},"img":{"alt_text":"","src":"","width":0,"height":0},"classes":[]}],"jetpack_sharing_enabled":true,"_links":{"self":[{"href":"https:\/\/marcocueva.com\/es\/wp-json\/wp\/v2\/pages\/5","targetHints":{"allow":["GET"]}}],"collection":[{"href":"https:\/\/marcocueva.com\/es\/wp-json\/wp\/v2\/pages"}],"about":[{"href":"https:\/\/marcocueva.com\/es\/wp-json\/wp\/v2\/types\/page"}],"author":[{"embeddable":true,"href":"https:\/\/marcocueva.com\/es\/wp-json\/wp\/v2\/users\/1"}],"replies":[{"embeddable":true,"href":"https:\/\/marcocueva.com\/es\/wp-json\/wp\/v2\/comments?post=5"}],"version-history":[{"count":5,"href":"https:\/\/marcocueva.com\/es\/wp-json\/wp\/v2\/pages\/5\/revisions"}],"predecessor-version":[{"id":5151,"href":"https:\/\/marcocueva.com\/es\/wp-json\/wp\/v2\/pages\/5\/revisions\/5151"}],"wp:featuredmedia":[{"embeddable":true,"href":"https:\/\/marcocueva.com\/es\/wp-json\/wp\/v2\/media\/9"}],"wp:attachment":[{"href":"https:\/\/marcocueva.com\/es\/wp-json\/wp\/v2\/media?parent=5"}],"curies":[{"name":"wp","href":"https:\/\/api.w.org\/{rel}","templated":true}]}}