{"id":11,"date":"2015-04-17T01:02:37","date_gmt":"2015-04-16T23:02:37","guid":{"rendered":"http:\/\/marcocueva.com\/?page_id=11"},"modified":"2020-10-13T21:22:02","modified_gmt":"2020-10-13T19:22:02","slug":"contact","status":"publish","type":"page","link":"https:\/\/marcocueva.com\/sv\/about\/contact\/","title":{"rendered":"Kontakta Mig"},"content":{"rendered":"<p>F\u00f6r mer information kontakta mig via<br \/>\ne-post: studio{at}marcocueva.com<br \/>\ntel: +46(0)739281788<\/p>\n<div class=\"gallery-frame \">","protected":false},"excerpt":{"rendered":"<p>F\u00f6r mer information kontakta mig via e-post: studio{at}marcocueva.com tel: +46(0)739281788<\/p>\n","protected":false},"author":1,"featured_media":0,"parent":5,"menu_order":0,"comment_status":"closed","ping_status":"closed","template":"","meta":{"jetpack_post_was_ever_published":false,"footnotes":""},"class_list":["post-11","page","type-page","status-publish","hentry"],"jetpack_shortlink":"https:\/\/wp.me\/P63sn4-b","jetpack-related-posts":[{"id":24,"url":"https:\/\/marcocueva.com\/sv\/about\/resume\/","url_meta":{"origin":11,"position":0},"title":"CV","author":"Marco Cueva","date":"april 17, 2015","format":false,"excerpt":"","rel":"","context":"Liknande inl\u00e4gg","block_context":{"text":"Liknande inl\u00e4gg","link":""},"img":{"alt_text":"","src":"","width":0,"height":0},"classes":[]},{"id":34,"url":"https:\/\/marcocueva.com\/sv\/","url_meta":{"origin":11,"position":1},"title":"Hem","author":"Marco Cueva","date":"april 17, 2015","format":false,"excerpt":"","rel":"","context":"Liknande inl\u00e4gg","block_context":{"text":"Liknande inl\u00e4gg","link":""},"img":{"alt_text":"","src":"","width":0,"height":0},"classes":[]},{"id":31,"url":"https:\/\/marcocueva.com\/sv\/blog\/","url_meta":{"origin":11,"position":2},"title":"Blogg","author":"Marco Cueva","date":"april 17, 2015","format":false,"excerpt":"","rel":"","context":"Liknande inl\u00e4gg","block_context":{"text":"Liknande inl\u00e4gg","link":""},"img":{"alt_text":"","src":"","width":0,"height":0},"classes":[]},{"id":13,"url":"https:\/\/marcocueva.com\/sv\/artist-portfolio\/","url_meta":{"origin":11,"position":3},"title":"Portf\u00f6lj","author":"Marco Cueva","date":"april 17, 2015","format":false,"excerpt":"","rel":"","context":"Liknande inl\u00e4gg","block_context":{"text":"Liknande inl\u00e4gg","link":""},"img":{"alt_text":"","src":"","width":0,"height":0},"classes":[]},{"id":5,"url":"https:\/\/marcocueva.com\/sv\/about\/","url_meta":{"origin":11,"position":4},"title":"Biografi","author":"Marco Cueva","date":"april 16, 2015","format":false,"excerpt":"Om... Marco Cueva: skulpt\u00f6r. F\u00f6dd 1965 i San Pedro Sula, Honduras. 1990-96 Konststudier vid Kungliga Konsth\u00f6gskolan i Stockholm. Jag bor och arbetar i Str\u00f6msbergs Bruk. Mitt Arbete:\u00a0 Jag arbetar med skulptur f\u00f6r att unders\u00f6ka hur kulturella symboler och motiv\u00a0 omvandlas och omtolkas i en samtida kontext. Genom att anv\u00e4nda mig\u2026","rel":"","context":"Liknande inl\u00e4gg","block_context":{"text":"Liknande inl\u00e4gg","link":""},"img":{"alt_text":"","src":"","width":0,"height":0},"classes":[]},{"id":4260,"url":"https:\/\/marcocueva.com\/sv\/front-page\/","url_meta":{"origin":11,"position":5},"title":"Front Page","author":"Marco Cueva","date":"oktober 8, 2019","format":false,"excerpt":"","rel":"","context":"Liknande inl\u00e4gg","block_context":{"text":"Liknande inl\u00e4gg","link":""},"img":{"alt_text":"","src":"","width":0,"height":0},"classes":[]}],"jetpack_sharing_enabled":true,"_links":{"self":[{"href":"https:\/\/marcocueva.com\/sv\/wp-json\/wp\/v2\/pages\/11","targetHints":{"allow":["GET"]}}],"collection":[{"href":"https:\/\/marcocueva.com\/sv\/wp-json\/wp\/v2\/pages"}],"about":[{"href":"https:\/\/marcocueva.com\/sv\/wp-json\/wp\/v2\/types\/page"}],"author":[{"embeddable":true,"href":"https:\/\/marcocueva.com\/sv\/wp-json\/wp\/v2\/users\/1"}],"replies":[{"embeddable":true,"href":"https:\/\/marcocueva.com\/sv\/wp-json\/wp\/v2\/comments?post=11"}],"version-history":[{"count":4,"href":"https:\/\/marcocueva.com\/sv\/wp-json\/wp\/v2\/pages\/11\/revisions"}],"predecessor-version":[{"id":4334,"href":"https:\/\/marcocueva.com\/sv\/wp-json\/wp\/v2\/pages\/11\/revisions\/4334"}],"up":[{"embeddable":true,"href":"https:\/\/marcocueva.com\/sv\/wp-json\/wp\/v2\/pages\/5"}],"wp:attachment":[{"href":"https:\/\/marcocueva.com\/sv\/wp-json\/wp\/v2\/media?parent=11"}],"curies":[{"name":"wp","href":"https:\/\/api.w.org\/{rel}","templated":true}]}}