{"id":24,"date":"2015-04-17T02:20:28","date_gmt":"2015-04-17T00:20:28","guid":{"rendered":"http:\/\/marcocueva.com\/?page_id=24"},"modified":"2019-12-11T17:15:34","modified_gmt":"2019-12-11T15:15:34","slug":"resume","status":"publish","type":"page","link":"https:\/\/marcocueva.com\/sv\/about\/resume\/","title":{"rendered":"CV"},"content":{"rendered":"<p>\n<table id=\"tablepress-3\" class=\"tablepress tablepress-id-3 curriculum\">\n<tbody class=\"row-striping row-hover\">\n<tr class=\"row-1\">\n\t<td class=\"column-1\">Marco Cueva, f\u00f6dd 1965 i San Pedro Sula, Honduras<\/td><td class=\"column-2\"><\/td>\n<\/tr>\n<tr class=\"row-2\">\n\t<td class=\"column-1\">Svensk medborgare sedan 1996, Bor och arbetar i Str\u00f6msbergsbruk<\/td><td class=\"column-2\"><\/td>\n<\/tr>\n<tr class=\"row-3\">\n\t<td class=\"column-1\">UTBILDNING<\/td><td class=\"column-2\"><\/td>\n<\/tr>\n<tr class=\"row-4\">\n\t<td class=\"column-1\">1990\u201395<\/td><td class=\"column-2\">\tKungliga Konsth\u00f6gskolan i Stockholm, Linje f\u00f6r Fri Konst<\/td>\n<\/tr>\n<tr class=\"row-5\">\n\t<td class=\"column-1\">SEPARATUTST\u00c4LLNINGAR<\/td><td class=\"column-2\"><\/td>\n<\/tr>\n<tr class=\"row-6\">\n\t<td class=\"column-1\">2020<\/td><td class=\"column-2\">\t\u201cEn Construcci\u00f3n\u201d, Tyres\u00f6 Konsthall, Tyres\u00f6<\/td>\n<\/tr>\n<tr class=\"row-7\">\n\t<td class=\"column-1\">2017<\/td><td class=\"column-2\">\t\u201cBajo el Azul de tu Misterio\u201d, Galleri Charlotte Lund, Stockholm<\/td>\n<\/tr>\n<tr class=\"row-8\">\n\t<td class=\"column-1\">2014<\/td><td class=\"column-2\">\t\u201dMytologier\u201d, Konstgalleri H\u00e4lleforsn\u00e4s<\/td>\n<\/tr>\n<tr class=\"row-9\">\n\t<td class=\"column-1\">2013<\/td><td class=\"column-2\">\t \u201cAlegor\u00edas\u201d, Instituto Hondure\u00f1o de Cultura Hisp\u00e1nica Tegucigalpa, Honduras<\/td>\n<\/tr>\n<tr class=\"row-10\">\n\t<td class=\"column-1\">2011<\/td><td class=\"column-2\">\tSkulpturutst\u00e4llning, Galleri Charlotte Lund, Stockholm<\/td>\n<\/tr>\n<tr class=\"row-11\">\n\t<td class=\"column-1\">2007<\/td><td class=\"column-2\">\tSkulpturutst\u00e4llning, Galleri Charlotte Lund, Stockholm<\/td>\n<\/tr>\n<tr class=\"row-12\">\n\t<td class=\"column-1\">2004<\/td><td class=\"column-2\">\tSkulpturutst\u00e4llning, Galer\u00eda Nacional de Arte, Tegucigalpa, Honduras<\/td>\n<\/tr>\n<tr class=\"row-13\">\n\t<td class=\"column-1\">2002<\/td><td class=\"column-2\">\tSkulpturutst\u00e4llning, Galleri Charlotte Lund, Stockholm<\/td>\n<\/tr>\n<tr class=\"row-14\">\n\t<td class=\"column-1\">2001<\/td><td class=\"column-2\">\tSkulpturutst\u00e4llning, Pal\u00e1cio Municipal, Cop\u00e1n Ruinas, Honduras<\/td>\n<\/tr>\n<tr class=\"row-15\">\n\t<td class=\"column-1\">2000<\/td><td class=\"column-2\">\t\u201d Encuentros\u201d, Vandringsutst\u00e4llning. Galer\u00eda Portales, Tegucigalpa; Galer\u00eda C\u00f3dice, Managua; Galer\u00eda Pl\u00e1stica Contempor\u00e1nea, Guatemala<\/td>\n<\/tr>\n<tr class=\"row-16\">\n\t<td class=\"column-1\">1998<\/td><td class=\"column-2\">\tSkulpturutst\u00e4llning, Galleri Charlotte Lund, Stockholm<\/td>\n<\/tr>\n<tr class=\"row-17\">\n\t<td class=\"column-1\">GRUPPUTST\u00c4LLNINGAR<\/td><td class=\"column-2\"><\/td>\n<\/tr>\n<tr class=\"row-18\">\n\t<td class=\"column-1\">2025<\/td><td class=\"column-2\">\"Himmel och Hav\", CVBArt, B\u00e5stad<\/td>\n<\/tr>\n<tr class=\"row-19\">\n\t<td class=\"column-1\">2023<\/td><td class=\"column-2\">\t\u201dUnder Ytan\u201d Skulpturparken i \u00c4ngelsberg<\/td>\n<\/tr>\n<tr class=\"row-20\">\n\t<td class=\"column-1\">2015<\/td><td class=\"column-2\">\tMarket, Galleri Charlotte Lund<\/td>\n<\/tr>\n<tr class=\"row-21\">\n\t<td class=\"column-1\">2014<\/td><td class=\"column-2\">\t\u201c38th Show\u201d, Bendana-Pinel Art Contemporain, Paris<\/td>\n<\/tr>\n<tr class=\"row-22\">\n\t<td class=\"column-1\">2012<\/td><td class=\"column-2\">Moln, CVB ART, Stockholm<\/td>\n<\/tr>\n<tr class=\"row-23\">\n\t<td class=\"column-1\">2012<\/td><td class=\"column-2\">\t\u201cMoln\/Clouds\u201d, Skissernas Museum, Lund<\/td>\n<\/tr>\n<tr class=\"row-24\">\n\t<td class=\"column-1\">2011<\/td><td class=\"column-2\">\t\u201c\u00d6rebro Open Art\u201d, \u00d6rebro<\/td>\n<\/tr>\n<tr class=\"row-25\">\n\t<td class=\"column-1\">2011<\/td><td class=\"column-2\">\t\u201cGjutj\u00e4rn\u201d, Konstgalleriet H\u00e4lleforsn\u00e4s<\/td>\n<\/tr>\n<tr class=\"row-26\">\n\t<td class=\"column-1\">2011<\/td><td class=\"column-2\">\t\u201cSjukt Bra Konst\u201d, Stockholms L\u00e4ns Museum, Nacka<\/td>\n<\/tr>\n<tr class=\"row-27\">\n\t<td class=\"column-1\">2010<\/td><td class=\"column-2\">La\u00e7os e Horizontes, N\u00f9cleo de Arte, Maputo<\/td>\n<\/tr>\n<tr class=\"row-28\">\n\t<td class=\"column-1\">2010<\/td><td class=\"column-2\">\tArmory Show, Galleri Charlotte Lund, New York City<\/td>\n<\/tr>\n<tr class=\"row-29\">\n\t<td class=\"column-1\">2009<\/td><td class=\"column-2\">\tArcomadrid, Galleri Charlotte Lund, Madrid<\/td>\n<\/tr>\n<tr class=\"row-30\">\n\t<td class=\"column-1\">2008<\/td><td class=\"column-2\">Diversidade Centro Cultural Franco-Mo\u00e7ambicano, Maputo<\/td>\n<\/tr>\n<tr class=\"row-31\">\n\t<td class=\"column-1\">2007<\/td><td class=\"column-2\">Odisseia, Centro Cultural Franco-Mo\u00e7ambicano, Maputo<\/td>\n<\/tr>\n<tr class=\"row-32\">\n\t<td class=\"column-1\">2006<\/td><td class=\"column-2\">\t\u201cKonst p\u00e5 V\u00e4g\u201d, Tierps Kommun<\/td>\n<\/tr>\n<tr class=\"row-33\">\n\t<td class=\"column-1\">2006<\/td><td class=\"column-2\">Marco Cueva, Leif Palmquist, Anne Thulin, Galleri Charlotte Lund<\/td>\n<\/tr>\n<tr class=\"row-34\">\n\t<td class=\"column-1\">2001<\/td><td class=\"column-2\">\tGalleri Charlotte Lund, M\u00e5leriutst\u00e4llning<\/td>\n<\/tr>\n<tr class=\"row-35\">\n\t<td class=\"column-1\">2001<\/td><td class=\"column-2\">\tIII Bienal de Arte Nicarag\u00fcense, Managua<\/td>\n<\/tr>\n<tr class=\"row-36\">\n\t<td class=\"column-1\">PROJEKT OCH OFFENTLIGA ARBETE<\/td><td class=\"column-2\"><\/td>\n<\/tr>\n<tr class=\"row-37\">\n\t<td class=\"column-1\">2024<\/td><td class=\"column-2\">\tUtsmyckningsuppdrag Hudiksvalls Sjukhus, Hudiksvall<\/td>\n<\/tr>\n<tr class=\"row-38\">\n\t<td class=\"column-1\">2024<\/td><td class=\"column-2\">\tUtsmyckningsuppdrag Nya Psykriatrihuset i V\u00e4stervik, V\u00e4stervik<\/td>\n<\/tr>\n<tr class=\"row-39\">\n\t<td class=\"column-1\">2024<\/td><td class=\"column-2\">\tUtsmyckningsuppdrag \u00c4ventyrets f\u00f6rskola, Bor\u00e5s<\/td>\n<\/tr>\n<tr class=\"row-40\">\n\t<td class=\"column-1\">2023<\/td><td class=\"column-2\">\tUtsmyckningsuppdrag Hogslaby, Botkyrka Kommun<\/td>\n<\/tr>\n<tr class=\"row-41\">\n\t<td class=\"column-1\">2023<\/td><td class=\"column-2\">\tUtsmyckningsuppdrag Rannebergen, G\u00f6teborg<\/td>\n<\/tr>\n<tr class=\"row-42\">\n\t<td class=\"column-1\">2021<\/td><td class=\"column-2\">\tSkissuppdrag Danderyds Sjukhus, Stockholm<\/td>\n<\/tr>\n<tr class=\"row-43\">\n\t<td class=\"column-1\">2021<\/td><td class=\"column-2\">\tSkissuppdrag Skiftinge V\u00e5rdboende, Eskilstuna<\/td>\n<\/tr>\n<tr class=\"row-44\">\n\t<td class=\"column-1\">2020<\/td><td class=\"column-2\">\tUtsmyckningsuppdrag Slottet V\u00e5rdhem, Falun<\/td>\n<\/tr>\n<tr class=\"row-45\">\n\t<td class=\"column-1\">2019<\/td><td class=\"column-2\">\tUtsmyckningsuppdrag F\u00f6rskolan Merkuriusgatan, G\u00f6teborg<\/td>\n<\/tr>\n<tr class=\"row-46\">\n\t<td class=\"column-1\">2018<\/td><td class=\"column-2\">\tLink\u00f6pings Universitet, Region \u00d6sterg\u00f6tland<\/td>\n<\/tr>\n<tr class=\"row-47\">\n\t<td class=\"column-1\">2018<\/td><td class=\"column-2\">\tUtsmyckningsuppdrag Karlslunds V\u00e5rdboende, \u00d6rebro<\/td>\n<\/tr>\n<tr class=\"row-48\">\n\t<td class=\"column-1\">2017<\/td><td class=\"column-2\">\tUtsmyckningsuppdrag Rinkeby Terrassen, Stockholm<\/td>\n<\/tr>\n<tr class=\"row-49\">\n\t<td class=\"column-1\">2016<\/td><td class=\"column-2\">\tUtsmyckningsuppdrag Oskarslunds V\u00e5rdboende, Karlstad<\/td>\n<\/tr>\n<tr class=\"row-50\">\n\t<td class=\"column-1\">2015<\/td><td class=\"column-2\">\tSkissuppdrag H\u00e4lleborgs \u00c5lderdomshem, V\u00e4ster\u00e5s<\/td>\n<\/tr>\n<tr class=\"row-51\">\n\t<td class=\"column-1\">2015<\/td><td class=\"column-2\">\tUtsmyckningsuppdrag Kv. Revsk\u00e4r, Farsta Stockholm<\/td>\n<\/tr>\n<tr class=\"row-52\">\n\t<td class=\"column-1\">2015<\/td><td class=\"column-2\">\tUtsmyckningsuppdrag Kv. T\u00e4ltl\u00e4gret, Fru\u00e4ngen Stockholm<\/td>\n<\/tr>\n<tr class=\"row-53\">\n\t<td class=\"column-1\">2014<\/td><td class=\"column-2\">\tKrematoriet, Norrt\u00e4lje Lasarett<\/td>\n<\/tr>\n<tr class=\"row-54\">\n\t<td class=\"column-1\">2014<\/td><td class=\"column-2\">\tNya Karolinska, Solna<\/td>\n<\/tr>\n<tr class=\"row-55\">\n\t<td class=\"column-1\">2013<\/td><td class=\"column-2\">\t\u00c5rstavikens Patienthotell, S\u00f6dersjukhuset Stockholm<\/td>\n<\/tr>\n<tr class=\"row-56\">\n\t<td class=\"column-1\">2012<\/td><td class=\"column-2\">\tSkissernas Museum, Lund<\/td>\n<\/tr>\n<tr class=\"row-57\">\n\t<td class=\"column-1\">2011<\/td><td class=\"column-2\">\tH\u00f6gskolan i J\u00f6nk\u00f6ping<\/td>\n<\/tr>\n<tr class=\"row-58\">\n\t<td class=\"column-1\">2007<\/td><td class=\"column-2\">\tUtsmyckningsuppdrag L\u00e4nsr\u00e4tten i Stockholms L\u00e4n<\/td>\n<\/tr>\n<tr class=\"row-59\">\n\t<td class=\"column-1\">2004<\/td><td class=\"column-2\">\t\u201dArte para Todos\u201d, Tegucigalpa, Honduras<\/td>\n<\/tr>\n<tr class=\"row-60\">\n\t<td class=\"column-1\">2003<\/td><td class=\"column-2\">\tFundaci\u00f3n Ortiz-Gurdian, Le\u00f3n Nicaragua<\/td>\n<\/tr>\n<tr class=\"row-61\">\n\t<td class=\"column-1\">2001<\/td><td class=\"column-2\">\tGaler\u00eda Nacional de Arte, Tegucigalpa Honduras<\/td>\n<\/tr>\n<tr class=\"row-62\">\n\t<td class=\"column-1\">2001<\/td><td class=\"column-2\">\tUtsmyckningsuppdrag Farsta Gymnasium, Stockholm,<\/td>\n<\/tr>\n<tr class=\"row-63\">\n\t<td class=\"column-1\">1998<\/td><td class=\"column-2\">\tHagalunds Centrum, Solna Stad<\/td>\n<\/tr>\n<tr class=\"row-64\">\n\t<td class=\"column-1\">1995<\/td><td class=\"column-2\">\tProjektet \"Ung Vetenskap-Ung Konst\", Link\u00f6pings Universitet<\/td>\n<\/tr>\n<\/tbody>\n<\/table>\n<!-- #tablepress-3 from cache --><\/p>\n<div class=\"gallery-frame \">","protected":false},"excerpt":{"rendered":"","protected":false},"author":1,"featured_media":0,"parent":5,"menu_order":0,"comment_status":"closed","ping_status":"open","template":"","meta":{"jetpack_post_was_ever_published":false,"footnotes":""},"class_list":["post-24","page","type-page","status-publish","hentry"],"jetpack_shortlink":"https:\/\/wp.me\/P63sn4-o","jetpack-related-posts":[{"id":13,"url":"https:\/\/marcocueva.com\/sv\/artist-portfolio\/","url_meta":{"origin":24,"position":0},"title":"Portf\u00f6lj","author":"Marco Cueva","date":"april 17, 2015","format":false,"excerpt":"","rel":"","context":"Liknande inl\u00e4gg","block_context":{"text":"Liknande inl\u00e4gg","link":""},"img":{"alt_text":"","src":"","width":0,"height":0},"classes":[]},{"id":11,"url":"https:\/\/marcocueva.com\/sv\/about\/contact\/","url_meta":{"origin":24,"position":1},"title":"Kontakta Mig","author":"Marco Cueva","date":"april 17, 2015","format":false,"excerpt":"F\u00f6r mer information kontakta mig via e-post: studio{at}marcocueva.com tel: +46(0)739281788","rel":"","context":"Liknande inl\u00e4gg","block_context":{"text":"Liknande inl\u00e4gg","link":""},"img":{"alt_text":"","src":"","width":0,"height":0},"classes":[]},{"id":34,"url":"https:\/\/marcocueva.com\/sv\/","url_meta":{"origin":24,"position":2},"title":"Hem","author":"Marco Cueva","date":"april 17, 2015","format":false,"excerpt":"","rel":"","context":"Liknande inl\u00e4gg","block_context":{"text":"Liknande inl\u00e4gg","link":""},"img":{"alt_text":"","src":"","width":0,"height":0},"classes":[]},{"id":31,"url":"https:\/\/marcocueva.com\/sv\/blog\/","url_meta":{"origin":24,"position":3},"title":"Blogg","author":"Marco Cueva","date":"april 17, 2015","format":false,"excerpt":"","rel":"","context":"Liknande inl\u00e4gg","block_context":{"text":"Liknande inl\u00e4gg","link":""},"img":{"alt_text":"","src":"","width":0,"height":0},"classes":[]},{"id":4896,"url":"https:\/\/marcocueva.com\/sv\/artist-portfolio\/the-garden-of-earthly-delights\/","url_meta":{"origin":24,"position":4},"title":"Lustg\u00e5rden","author":"Marco Cueva","date":"september 12, 2023","format":false,"excerpt":"\u00a0 \u00a0 Konstverk:\u00a0 Lustg\u00e5rden \u00c5r 2023 Konstn\u00e4r: Marco Cueva Material: Skulpturer i granitsten i olika f\u00e4rger och fr\u00e5n olika delar av v\u00e4rlden Plats: Rannebergens parkmilj\u00f6 i G\u00f6teborg Uppdragsgivare: Bostadsbolaget G\u00f6teborg Konstkonsult: Pia Mauno Konstn\u00e4ren Marco Cueva har med sina stenskulpturer befolkat Rannebergens vackra Parkmilj\u00f6. \u00a0Skulpturgruppen g\u00e5r i dialog med befintlig\u2026","rel":"","context":"Liknande inl\u00e4gg","block_context":{"text":"Liknande inl\u00e4gg","link":""},"img":{"alt_text":"","src":"https:\/\/i0.wp.com\/media1.marcocueva.com\/Rannebergen-1-of-2-2.jpg?fit=1200%2C900&ssl=1&resize=350%2C200","width":350,"height":200,"srcset":"https:\/\/i0.wp.com\/media1.marcocueva.com\/Rannebergen-1-of-2-2.jpg?fit=1200%2C900&ssl=1&resize=350%2C200 1x, https:\/\/i0.wp.com\/media1.marcocueva.com\/Rannebergen-1-of-2-2.jpg?fit=1200%2C900&ssl=1&resize=525%2C300 1.5x, https:\/\/i0.wp.com\/media1.marcocueva.com\/Rannebergen-1-of-2-2.jpg?fit=1200%2C900&ssl=1&resize=700%2C400 2x, https:\/\/i0.wp.com\/media1.marcocueva.com\/Rannebergen-1-of-2-2.jpg?fit=1200%2C900&ssl=1&resize=1050%2C600 3x"},"classes":[]},{"id":5,"url":"https:\/\/marcocueva.com\/sv\/about\/","url_meta":{"origin":24,"position":5},"title":"Biografi","author":"Marco Cueva","date":"april 16, 2015","format":false,"excerpt":"Om... Marco Cueva: skulpt\u00f6r. F\u00f6dd 1965 i San Pedro Sula, Honduras. 1990-96 Konststudier vid Kungliga Konsth\u00f6gskolan i Stockholm. Jag bor och arbetar i Str\u00f6msbergs Bruk. Mitt Arbete:\u00a0 Jag arbetar med skulptur f\u00f6r att unders\u00f6ka hur kulturella symboler och motiv\u00a0 omvandlas och omtolkas i en samtida kontext. Genom att anv\u00e4nda mig\u2026","rel":"","context":"Liknande inl\u00e4gg","block_context":{"text":"Liknande inl\u00e4gg","link":""},"img":{"alt_text":"","src":"","width":0,"height":0},"classes":[]}],"jetpack_sharing_enabled":true,"_links":{"self":[{"href":"https:\/\/marcocueva.com\/sv\/wp-json\/wp\/v2\/pages\/24","targetHints":{"allow":["GET"]}}],"collection":[{"href":"https:\/\/marcocueva.com\/sv\/wp-json\/wp\/v2\/pages"}],"about":[{"href":"https:\/\/marcocueva.com\/sv\/wp-json\/wp\/v2\/types\/page"}],"author":[{"embeddable":true,"href":"https:\/\/marcocueva.com\/sv\/wp-json\/wp\/v2\/users\/1"}],"replies":[{"embeddable":true,"href":"https:\/\/marcocueva.com\/sv\/wp-json\/wp\/v2\/comments?post=24"}],"version-history":[{"count":1,"href":"https:\/\/marcocueva.com\/sv\/wp-json\/wp\/v2\/pages\/24\/revisions"}],"predecessor-version":[{"id":25,"href":"https:\/\/marcocueva.com\/sv\/wp-json\/wp\/v2\/pages\/24\/revisions\/25"}],"up":[{"embeddable":true,"href":"https:\/\/marcocueva.com\/sv\/wp-json\/wp\/v2\/pages\/5"}],"wp:attachment":[{"href":"https:\/\/marcocueva.com\/sv\/wp-json\/wp\/v2\/media?parent=24"}],"curies":[{"name":"wp","href":"https:\/\/api.w.org\/{rel}","templated":true}]}}