{"id":4896,"date":"2023-09-12T21:28:23","date_gmt":"2023-09-12T19:28:23","guid":{"rendered":"https:\/\/marcocueva.com\/?page_id=4896"},"modified":"2024-05-12T21:44:03","modified_gmt":"2024-05-12T19:44:03","slug":"the-garden-of-earthly-delights","status":"publish","type":"page","link":"https:\/\/marcocueva.com\/sv\/artist-portfolio\/the-garden-of-earthly-delights\/","title":{"rendered":"Lustg\u00e5rden"},"content":{"rendered":"<p>&nbsp;<\/p>\r\n<p>&nbsp;<\/p>\r\n<p>Konstverk:\u00a0 Lustg\u00e5rden \u00c5r 2023 Konstn\u00e4r: Marco Cueva Material: Skulpturer i granitsten i olika f\u00e4rger och fr\u00e5n olika delar av v\u00e4rlden Plats: Rannebergens parkmilj\u00f6 i G\u00f6teborg Uppdragsgivare: Bostadsbolaget G\u00f6teborg Konstkonsult: Pia Mauno Konstn\u00e4ren Marco Cueva har med sina stenskulpturer befolkat Rannebergens vackra Parkmilj\u00f6. \u00a0Skulpturgruppen g\u00e5r i dialog med befintlig sten i omr\u00e5det och bildar tillsammans ett promenadstr\u00e5k med titel Lustg\u00e5rden. I str\u00e5ket ing\u00e5r:<\/p>\r\n\r\n<figure class=\"wp-block-table\">\r\n<table>\r\n<tbody>\r\n<tr>\r\n<td>1.\u201dNandhi\u201d, en tjur i svart granit\u00a0<\/td>\r\n<td>\u00a0<\/td>\r\n<td><a href=\"https:\/\/i0.wp.com\/media1.marcocueva.com\/20230928_123554474_iOS-Edit_1-scaled.jpg\"><img data-recalc-dims=\"1\" loading=\"lazy\" decoding=\"async\" data-attachment-id=\"4945\" data-permalink=\"https:\/\/marcocueva.com\/sv\/artist-portfolio\/the-garden-of-earthly-delights\/20230928_123554474_ios-edit_1\/\" data-orig-file=\"https:\/\/i0.wp.com\/media1.marcocueva.com\/20230928_123554474_iOS-Edit_1-scaled.jpg?fit=1920%2C2560&amp;ssl=1\" data-orig-size=\"1920,2560\" data-comments-opened=\"0\" data-image-meta=\"{&quot;aperture&quot;:&quot;0&quot;,&quot;credit&quot;:&quot;&quot;,&quot;camera&quot;:&quot;&quot;,&quot;caption&quot;:&quot;&quot;,&quot;created_timestamp&quot;:&quot;0&quot;,&quot;copyright&quot;:&quot;&quot;,&quot;focal_length&quot;:&quot;0&quot;,&quot;iso&quot;:&quot;0&quot;,&quot;shutter_speed&quot;:&quot;0&quot;,&quot;title&quot;:&quot;&quot;,&quot;orientation&quot;:&quot;0&quot;}\" data-image-title=\"Nandhi\" data-image-description=\"\" data-image-caption=\"&lt;p&gt;&amp;#8221;Nandhi&amp;#8221; Rannebergen, G\u00f6teborg&lt;\/p&gt;\n\" data-large-file=\"https:\/\/i0.wp.com\/media1.marcocueva.com\/20230928_123554474_iOS-Edit_1-scaled.jpg?fit=768%2C1024&amp;ssl=1\" class=\"alignright wp-image-4945 size-medium\" src=\"https:\/\/i0.wp.com\/media1.marcocueva.com\/20230928_123554474_iOS-Edit_1.jpg?resize=100%2C134\" alt=\"Nandhi\" width=\"100\" height=\"134\" srcset=\"https:\/\/i0.wp.com\/media1.marcocueva.com\/20230928_123554474_iOS-Edit_1-scaled.jpg?resize=540%2C720&amp;ssl=1 540w, https:\/\/i0.wp.com\/media1.marcocueva.com\/20230928_123554474_iOS-Edit_1-scaled.jpg?resize=768%2C1024&amp;ssl=1 768w, https:\/\/i0.wp.com\/media1.marcocueva.com\/20230928_123554474_iOS-Edit_1-scaled.jpg?resize=1152%2C1536&amp;ssl=1 1152w, https:\/\/i0.wp.com\/media1.marcocueva.com\/20230928_123554474_iOS-Edit_1-scaled.jpg?resize=1536%2C2048&amp;ssl=1 1536w, https:\/\/i0.wp.com\/media1.marcocueva.com\/20230928_123554474_iOS-Edit_1-scaled.jpg?w=1920&amp;ssl=1 1920w\" sizes=\"auto, (max-width: 100px) 100vw, 100px\" \/><\/a>\u00a0<\/td>\r\n<\/tr>\r\n<tr>\r\n<td>2.\u00a0\u201dWhite Rabbits\u201d, tv\u00e5 vita kaniner i ljus granit<\/td>\r\n<td><a href=\"https:\/\/i0.wp.com\/media1.marcocueva.com\/Rannebergen-2-1-scaled.jpg\"><img data-recalc-dims=\"1\" loading=\"lazy\" decoding=\"async\" data-attachment-id=\"4921\" data-permalink=\"https:\/\/marcocueva.com\/sv\/artist-portfolio\/the-garden-of-earthly-delights\/rannebergen-1-of-4\/\" data-orig-file=\"https:\/\/i0.wp.com\/media1.marcocueva.com\/Rannebergen-1-of-4.jpg?fit=1200%2C1600&amp;ssl=1\" data-orig-size=\"1200,1600\" data-comments-opened=\"0\" data-image-meta=\"{&quot;aperture&quot;:&quot;2.8&quot;,&quot;credit&quot;:&quot;&quot;,&quot;camera&quot;:&quot;iPhone 13 Pro Max&quot;,&quot;caption&quot;:&quot;&quot;,&quot;created_timestamp&quot;:&quot;1695903106&quot;,&quot;copyright&quot;:&quot;&quot;,&quot;focal_length&quot;:&quot;9&quot;,&quot;iso&quot;:&quot;25&quot;,&quot;shutter_speed&quot;:&quot;0.004&quot;,&quot;title&quot;:&quot;&quot;,&quot;orientation&quot;:&quot;0&quot;,&quot;latitude_ref&quot;:&quot;N&quot;,&quot;longitude_ref&quot;:&quot;E&quot;,&quot;exposure_bias&quot;:&quot;1\/256&quot;,&quot;flash&quot;:&quot;16&quot;}\" data-image-title=\"White Rabbit\" data-image-description=\"\" data-image-caption=\"&lt;p&gt;&amp;#8221;White Rabbit&amp;#8221;&lt;br \/&gt;\nRannebergen, G\u00f6teborg&lt;\/p&gt;\n\" data-large-file=\"https:\/\/i0.wp.com\/media1.marcocueva.com\/Rannebergen-1-of-4.jpg?fit=768%2C1024&amp;ssl=1\" class=\"wp-image-4921  alignright\" src=\"https:\/\/i0.wp.com\/media1.marcocueva.com\/Rannebergen-1-of-4.jpg?resize=100%2C134\" alt=\"White Rabbit\" width=\"100\" height=\"134\" srcset=\"https:\/\/i0.wp.com\/media1.marcocueva.com\/Rannebergen-1-of-4.jpg?resize=540%2C720&amp;ssl=1 540w, https:\/\/i0.wp.com\/media1.marcocueva.com\/Rannebergen-1-of-4.jpg?resize=768%2C1024&amp;ssl=1 768w, https:\/\/i0.wp.com\/media1.marcocueva.com\/Rannebergen-1-of-4.jpg?resize=1152%2C1536&amp;ssl=1 1152w, https:\/\/i0.wp.com\/media1.marcocueva.com\/Rannebergen-1-of-4.jpg?w=1200&amp;ssl=1 1200w\" sizes=\"auto, (max-width: 100px) 100vw, 100px\" \/>\u00a0<\/a>\u00a0<\/td>\r\n<td>\u00a0<a href=\"https:\/\/i0.wp.com\/media1.marcocueva.com\/Rannebergen-1-scaled.jpg\"><img data-recalc-dims=\"1\" loading=\"lazy\" decoding=\"async\" data-attachment-id=\"4925\" data-permalink=\"https:\/\/marcocueva.com\/sv\/artist-portfolio\/the-garden-of-earthly-delights\/rannebergen-2-of-4\/\" data-orig-file=\"https:\/\/i0.wp.com\/media1.marcocueva.com\/Rannebergen-2-of-4.jpg?fit=1200%2C1600&amp;ssl=1\" data-orig-size=\"1200,1600\" data-comments-opened=\"0\" data-image-meta=\"{&quot;aperture&quot;:&quot;2.8&quot;,&quot;credit&quot;:&quot;&quot;,&quot;camera&quot;:&quot;iPhone 13 Pro Max&quot;,&quot;caption&quot;:&quot;&quot;,&quot;created_timestamp&quot;:&quot;1695903212&quot;,&quot;copyright&quot;:&quot;&quot;,&quot;focal_length&quot;:&quot;9&quot;,&quot;iso&quot;:&quot;50&quot;,&quot;shutter_speed&quot;:&quot;0.01&quot;,&quot;title&quot;:&quot;&quot;,&quot;orientation&quot;:&quot;0&quot;,&quot;latitude_ref&quot;:&quot;N&quot;,&quot;longitude_ref&quot;:&quot;E&quot;,&quot;exposure_bias&quot;:&quot;1\/1&quot;,&quot;flash&quot;:&quot;16&quot;}\" data-image-title=\"White Rabbit\" data-image-description=\"&lt;p&gt;new work&lt;\/p&gt;\n\" data-image-caption=\"&lt;p&gt;&amp;#8221;White Rabbit&amp;#8221;&lt;br \/&gt;\nRannebergen, G\u00f6teborg&lt;\/p&gt;\n\" data-large-file=\"https:\/\/i0.wp.com\/media1.marcocueva.com\/Rannebergen-2-of-4.jpg?fit=768%2C1024&amp;ssl=1\" class=\"wp-image-4925  alignright\" src=\"https:\/\/i0.wp.com\/media1.marcocueva.com\/Rannebergen-2-of-4.jpg?resize=100%2C134\" alt=\"White Rabbit\" width=\"100\" height=\"134\" srcset=\"https:\/\/i0.wp.com\/media1.marcocueva.com\/Rannebergen-2-of-4.jpg?resize=540%2C720&amp;ssl=1 540w, https:\/\/i0.wp.com\/media1.marcocueva.com\/Rannebergen-2-of-4.jpg?resize=768%2C1024&amp;ssl=1 768w, https:\/\/i0.wp.com\/media1.marcocueva.com\/Rannebergen-2-of-4.jpg?resize=1152%2C1536&amp;ssl=1 1152w, https:\/\/i0.wp.com\/media1.marcocueva.com\/Rannebergen-2-of-4.jpg?w=1200&amp;ssl=1 1200w\" sizes=\"auto, (max-width: 100px) 100vw, 100px\" \/><\/a><\/td>\r\n<\/tr>\r\n<tr>\r\n<td>3.\u00a0\u201dNeko\u201d, en katt i rosa granit<\/td>\r\n<td>\u00a0<\/td>\r\n<td><a href=\"https:\/\/i0.wp.com\/media1.marcocueva.com\/Rannebergen-4-of-4.jpg\"><img data-recalc-dims=\"1\" loading=\"lazy\" decoding=\"async\" data-attachment-id=\"4928\" data-permalink=\"https:\/\/marcocueva.com\/sv\/artist-portfolio\/the-garden-of-earthly-delights\/rannebergen-4-of-4\/\" data-orig-file=\"https:\/\/i0.wp.com\/media1.marcocueva.com\/Rannebergen-4-of-4.jpg?fit=1118%2C1600&amp;ssl=1\" data-orig-size=\"1118,1600\" data-comments-opened=\"0\" data-image-meta=\"{&quot;aperture&quot;:&quot;1.5&quot;,&quot;credit&quot;:&quot;&quot;,&quot;camera&quot;:&quot;iPhone 13 Pro Max&quot;,&quot;caption&quot;:&quot;&quot;,&quot;created_timestamp&quot;:&quot;1695903662&quot;,&quot;copyright&quot;:&quot;&quot;,&quot;focal_length&quot;:&quot;5.7&quot;,&quot;iso&quot;:&quot;50&quot;,&quot;shutter_speed&quot;:&quot;0.00625&quot;,&quot;title&quot;:&quot;&quot;,&quot;orientation&quot;:&quot;0&quot;,&quot;latitude_ref&quot;:&quot;N&quot;,&quot;longitude_ref&quot;:&quot;E&quot;,&quot;exposure_bias&quot;:&quot;1\/1&quot;,&quot;flash&quot;:&quot;16&quot;}\" data-image-title=\"Neko\" data-image-description=\"\" data-image-caption=\"&lt;p&gt;&amp;#8221;Neko&amp;#8221;&lt;br \/&gt;\nRannebergen, G\u00f6teborg&lt;\/p&gt;\n\" data-large-file=\"https:\/\/i0.wp.com\/media1.marcocueva.com\/Rannebergen-4-of-4.jpg?fit=716%2C1024&amp;ssl=1\" class=\"alignright wp-image-4928 size-medium\" src=\"https:\/\/i0.wp.com\/media1.marcocueva.com\/Rannebergen-4-of-4.jpg?resize=100%2C134\" alt=\"Neko\" width=\"100\" height=\"134\" \/><\/a>\u00a0<\/td>\r\n<\/tr>\r\n<tr>\r\n<td>4.\u201dPepe\u201d, en skunk i m\u00f6rkgr\u00e5 granit\u00a0<\/td>\r\n<td>\u00a0<\/td>\r\n<td><a href=\"https:\/\/i0.wp.com\/media1.marcocueva.com\/Rannebergen-1-of-2-2.jpg\"><img data-recalc-dims=\"1\" loading=\"lazy\" decoding=\"async\" data-attachment-id=\"4923\" data-permalink=\"https:\/\/marcocueva.com\/sv\/artist-portfolio\/the-garden-of-earthly-delights\/rannebergen-2-of-2-2\/\" data-orig-file=\"https:\/\/i0.wp.com\/media1.marcocueva.com\/Rannebergen-2-of-2-2.jpg?fit=1600%2C1200&amp;ssl=1\" data-orig-size=\"1600,1200\" data-comments-opened=\"0\" data-image-meta=\"{&quot;aperture&quot;:&quot;1.5&quot;,&quot;credit&quot;:&quot;&quot;,&quot;camera&quot;:&quot;iPhone 13 Pro Max&quot;,&quot;caption&quot;:&quot;&quot;,&quot;created_timestamp&quot;:&quot;1695903917&quot;,&quot;copyright&quot;:&quot;&quot;,&quot;focal_length&quot;:&quot;5.7&quot;,&quot;iso&quot;:&quot;50&quot;,&quot;shutter_speed&quot;:&quot;0.0014492753623188&quot;,&quot;title&quot;:&quot;&quot;,&quot;orientation&quot;:&quot;0&quot;,&quot;latitude_ref&quot;:&quot;N&quot;,&quot;longitude_ref&quot;:&quot;E&quot;,&quot;exposure_bias&quot;:&quot;0\/1&quot;,&quot;flash&quot;:&quot;16&quot;}\" data-image-title=\"Pepe\" data-image-description=\"\" data-image-caption=\"&lt;p&gt;&amp;#8221;Pepe&amp;#8221;&lt;br \/&gt;\nRannebergen, G\u00f6teborg&lt;\/p&gt;\n\" data-large-file=\"https:\/\/i0.wp.com\/media1.marcocueva.com\/Rannebergen-2-of-2-2.jpg?fit=1024%2C768&amp;ssl=1\" class=\"alignright size-medium wp-image-4923\" src=\"https:\/\/i0.wp.com\/media1.marcocueva.com\/Rannebergen-2-of-2-2.jpg?resize=134%2C100\" alt=\"Pepe\" width=\"134\" height=\"100\" srcset=\"https:\/\/i0.wp.com\/media1.marcocueva.com\/Rannebergen-2-of-2-2.jpg?resize=720%2C540&amp;ssl=1 720w, https:\/\/i0.wp.com\/media1.marcocueva.com\/Rannebergen-2-of-2-2.jpg?resize=1024%2C768&amp;ssl=1 1024w, https:\/\/i0.wp.com\/media1.marcocueva.com\/Rannebergen-2-of-2-2.jpg?resize=768%2C576&amp;ssl=1 768w, https:\/\/i0.wp.com\/media1.marcocueva.com\/Rannebergen-2-of-2-2.jpg?resize=1536%2C1152&amp;ssl=1 1536w, https:\/\/i0.wp.com\/media1.marcocueva.com\/Rannebergen-2-of-2-2.jpg?w=1600&amp;ssl=1 1600w\" sizes=\"auto, (max-width: 134px) 100vw, 134px\" \/>\u00a0<\/a>\u00a0<\/td>\r\n<\/tr>\r\n<tr>\r\n<td>5.\u201dAdam\u201d, en man i m\u00f6rkgr\u00e5 granit.\u00a0<\/td>\r\n<td>\u00a0<\/td>\r\n<td><a href=\"https:\/\/i0.wp.com\/media1.marcocueva.com\/Rannebergen-13-1-scaled.jpg\"><img data-recalc-dims=\"1\" loading=\"lazy\" decoding=\"async\" data-attachment-id=\"4941\" data-permalink=\"https:\/\/marcocueva.com\/sv\/artist-portfolio\/the-garden-of-earthly-delights\/rannebergen-13-2\/\" data-orig-file=\"https:\/\/i0.wp.com\/media1.marcocueva.com\/Rannebergen-13-1-scaled.jpg?fit=2560%2C1920&amp;ssl=1\" data-orig-size=\"2560,1920\" data-comments-opened=\"0\" data-image-meta=\"{&quot;aperture&quot;:&quot;1.5&quot;,&quot;credit&quot;:&quot;&quot;,&quot;camera&quot;:&quot;iPhone 13 Pro Max&quot;,&quot;caption&quot;:&quot;&quot;,&quot;created_timestamp&quot;:&quot;1695904278&quot;,&quot;copyright&quot;:&quot;&quot;,&quot;focal_length&quot;:&quot;5.7&quot;,&quot;iso&quot;:&quot;50&quot;,&quot;shutter_speed&quot;:&quot;0.00625&quot;,&quot;title&quot;:&quot;&quot;,&quot;orientation&quot;:&quot;0&quot;,&quot;exposure_bias&quot;:&quot;1\/1&quot;,&quot;flash&quot;:&quot;16&quot;}\" data-image-title=\"Adam\" data-image-description=\"\" data-image-caption=\"&lt;p&gt;&amp;#8221;Adam&amp;#8221;&lt;br \/&gt;\nRannebergen, G\u00f6teborg&lt;\/p&gt;\n\" data-large-file=\"https:\/\/i0.wp.com\/media1.marcocueva.com\/Rannebergen-13-1-scaled.jpg?fit=1024%2C768&amp;ssl=1\" class=\"alignright size-medium wp-image-4941\" src=\"https:\/\/i0.wp.com\/media1.marcocueva.com\/Rannebergen-13-1.jpg?resize=100%2C134\" alt=\"Adam\" width=\"100\" height=\"134\" \/><\/a>\u00a0<\/td>\r\n<\/tr>\r\n<\/tbody>\r\n<\/table>\r\n<\/figure>\r\n\r\n<p>Konstn\u00e4ren beskriver sina skulpturer: Skulpturerna f\u00f6rest\u00e4ller fem Fauner (djur med antropomorfiska drag) och en m\u00e4nniska: Adam, gestaltade med hj\u00e4lp av stereotyper men inte helt utan charm, l\u00f6st baserade p\u00e5 mytologier, bilder, filmer och historier som finns i v\u00e5rt kollektiva medvetande. Marco Cueva \u00e4r skulpt\u00f6r, f\u00f6dd 1965 i San Pedro Sula, Honduras.\u00a0 Cueva \u00e4r utbildad vid Kungliga Konsth\u00f6gskolan i Stockholm. Han bor och \u00e4r verksam i Str\u00f6msbergsbruk. <img data-recalc-dims=\"1\" loading=\"lazy\" decoding=\"async\" data-attachment-id=\"4903\" data-permalink=\"https:\/\/marcocueva.com\/sv\/artist-portfolio\/the-garden-of-earthly-delights\/placering_3-2\/\" data-orig-file=\"https:\/\/i0.wp.com\/media1.marcocueva.com\/placering_3-1.png?fit=2033%2C2897&amp;ssl=1\" data-orig-size=\"2033,2897\" data-comments-opened=\"0\" data-image-meta=\"{&quot;aperture&quot;:&quot;0&quot;,&quot;credit&quot;:&quot;&quot;,&quot;camera&quot;:&quot;&quot;,&quot;caption&quot;:&quot;&quot;,&quot;created_timestamp&quot;:&quot;0&quot;,&quot;copyright&quot;:&quot;&quot;,&quot;focal_length&quot;:&quot;0&quot;,&quot;iso&quot;:&quot;0&quot;,&quot;shutter_speed&quot;:&quot;0&quot;,&quot;title&quot;:&quot;&quot;,&quot;orientation&quot;:&quot;0&quot;}\" data-image-title=\"placering_3\" data-image-description=\"\" data-image-caption=\"\" data-large-file=\"https:\/\/i0.wp.com\/media1.marcocueva.com\/placering_3-1.png?fit=719%2C1024&amp;ssl=1\" class=\"aligncenter size-medium wp-image-4903\" src=\"https:\/\/i0.wp.com\/media1.marcocueva.com\/placering_3-1.png?resize=505%2C720\" alt=\"\" width=\"505\" height=\"720\" srcset=\"https:\/\/i0.wp.com\/media1.marcocueva.com\/placering_3-1.png?resize=505%2C720&amp;ssl=1 505w, https:\/\/i0.wp.com\/media1.marcocueva.com\/placering_3-1.png?resize=719%2C1024&amp;ssl=1 719w, https:\/\/i0.wp.com\/media1.marcocueva.com\/placering_3-1.png?resize=768%2C1094&amp;ssl=1 768w, https:\/\/i0.wp.com\/media1.marcocueva.com\/placering_3-1.png?resize=1078%2C1536&amp;ssl=1 1078w, https:\/\/i0.wp.com\/media1.marcocueva.com\/placering_3-1.png?resize=1437%2C2048&amp;ssl=1 1437w, https:\/\/i0.wp.com\/media1.marcocueva.com\/placering_3-1.png?w=2033&amp;ssl=1 2033w\" sizes=\"auto, (max-width: 505px) 100vw, 505px\" \/><\/p>\r\n<p>&nbsp;<\/p>\r\n<p>&nbsp;<\/p><div class=\"gallery-frame \">","protected":false},"excerpt":{"rendered":"<p>&nbsp; &nbsp; Konstverk:\u00a0 Lustg\u00e5rden \u00c5r 2023 Konstn\u00e4r: Marco Cueva Material: Skulpturer i granitsten i olika f\u00e4rger och fr\u00e5n olika delar av v\u00e4rlden Plats: Rannebergens parkmilj\u00f6 i G\u00f6teborg Uppdragsgivare: Bostadsbolaget G\u00f6teborg Konstkonsult: Pia Mauno Konstn\u00e4ren Marco Cueva har med sina stenskulpturer befolkat Rannebergens vackra Parkmilj\u00f6. \u00a0Skulpturgruppen g\u00e5r i dialog med befintlig sten i omr\u00e5det och bildar [&hellip;]<\/p>\n","protected":false},"author":1,"featured_media":4919,"parent":13,"menu_order":0,"comment_status":"closed","ping_status":"closed","template":"page-templates\/fullwidthpage.php","meta":{"jetpack_post_was_ever_published":false,"footnotes":""},"class_list":["post-4896","page","type-page","status-publish","has-post-thumbnail","hentry"],"jetpack_shortlink":"https:\/\/wp.me\/P63sn4-1gY","jetpack-related-posts":[{"id":5,"url":"https:\/\/marcocueva.com\/sv\/about\/","url_meta":{"origin":4896,"position":0},"title":"Biografi","author":"Marco Cueva","date":"april 16, 2015","format":false,"excerpt":"Om... Marco Cueva: skulpt\u00f6r. F\u00f6dd 1965 i San Pedro Sula, Honduras. 1990-96 Konststudier vid Kungliga Konsth\u00f6gskolan i Stockholm. Jag bor och arbetar i Str\u00f6msbergs Bruk. Mitt Arbete:\u00a0 Jag arbetar med skulptur f\u00f6r att unders\u00f6ka hur kulturella symboler och motiv\u00a0 omvandlas och omtolkas i en samtida kontext. Genom att anv\u00e4nda mig\u2026","rel":"","context":"Liknande inl\u00e4gg","block_context":{"text":"Liknande inl\u00e4gg","link":""},"img":{"alt_text":"","src":"","width":0,"height":0},"classes":[]},{"id":34,"url":"https:\/\/marcocueva.com\/sv\/","url_meta":{"origin":4896,"position":1},"title":"Hem","author":"Marco Cueva","date":"april 17, 2015","format":false,"excerpt":"","rel":"","context":"Liknande inl\u00e4gg","block_context":{"text":"Liknande inl\u00e4gg","link":""},"img":{"alt_text":"","src":"","width":0,"height":0},"classes":[]},{"id":24,"url":"https:\/\/marcocueva.com\/sv\/about\/resume\/","url_meta":{"origin":4896,"position":2},"title":"CV","author":"Marco Cueva","date":"april 17, 2015","format":false,"excerpt":"","rel":"","context":"Liknande inl\u00e4gg","block_context":{"text":"Liknande inl\u00e4gg","link":""},"img":{"alt_text":"","src":"","width":0,"height":0},"classes":[]},{"id":31,"url":"https:\/\/marcocueva.com\/sv\/blog\/","url_meta":{"origin":4896,"position":3},"title":"Blogg","author":"Marco Cueva","date":"april 17, 2015","format":false,"excerpt":"","rel":"","context":"Liknande inl\u00e4gg","block_context":{"text":"Liknande inl\u00e4gg","link":""},"img":{"alt_text":"","src":"","width":0,"height":0},"classes":[]},{"id":11,"url":"https:\/\/marcocueva.com\/sv\/about\/contact\/","url_meta":{"origin":4896,"position":4},"title":"Kontakta Mig","author":"Marco Cueva","date":"april 17, 2015","format":false,"excerpt":"F\u00f6r mer information kontakta mig via e-post: studio{at}marcocueva.com tel: +46(0)739281788","rel":"","context":"Liknande inl\u00e4gg","block_context":{"text":"Liknande inl\u00e4gg","link":""},"img":{"alt_text":"","src":"","width":0,"height":0},"classes":[]},{"id":13,"url":"https:\/\/marcocueva.com\/sv\/artist-portfolio\/","url_meta":{"origin":4896,"position":5},"title":"Portf\u00f6lj","author":"Marco Cueva","date":"april 17, 2015","format":false,"excerpt":"","rel":"","context":"Liknande inl\u00e4gg","block_context":{"text":"Liknande inl\u00e4gg","link":""},"img":{"alt_text":"","src":"","width":0,"height":0},"classes":[]}],"jetpack_sharing_enabled":true,"_links":{"self":[{"href":"https:\/\/marcocueva.com\/sv\/wp-json\/wp\/v2\/pages\/4896","targetHints":{"allow":["GET"]}}],"collection":[{"href":"https:\/\/marcocueva.com\/sv\/wp-json\/wp\/v2\/pages"}],"about":[{"href":"https:\/\/marcocueva.com\/sv\/wp-json\/wp\/v2\/types\/page"}],"author":[{"embeddable":true,"href":"https:\/\/marcocueva.com\/sv\/wp-json\/wp\/v2\/users\/1"}],"replies":[{"embeddable":true,"href":"https:\/\/marcocueva.com\/sv\/wp-json\/wp\/v2\/comments?post=4896"}],"version-history":[{"count":14,"href":"https:\/\/marcocueva.com\/sv\/wp-json\/wp\/v2\/pages\/4896\/revisions"}],"predecessor-version":[{"id":4915,"href":"https:\/\/marcocueva.com\/sv\/wp-json\/wp\/v2\/pages\/4896\/revisions\/4915"}],"up":[{"embeddable":true,"href":"https:\/\/marcocueva.com\/sv\/wp-json\/wp\/v2\/pages\/13"}],"wp:featuredmedia":[{"embeddable":true,"href":"https:\/\/marcocueva.com\/sv\/wp-json\/wp\/v2\/media\/4919"}],"wp:attachment":[{"href":"https:\/\/marcocueva.com\/sv\/wp-json\/wp\/v2\/media?parent=4896"}],"curies":[{"name":"wp","href":"https:\/\/api.w.org\/{rel}","templated":true}]}}