{"id":5,"date":"2015-04-16T21:51:11","date_gmt":"2015-04-16T21:51:11","guid":{"rendered":"http:\/\/marcocueva.com\/?page_id=5"},"modified":"2025-03-14T23:58:41","modified_gmt":"2025-03-14T21:58:41","slug":"about","status":"publish","type":"page","link":"https:\/\/marcocueva.com\/sv\/about\/","title":{"rendered":"Biografi"},"content":{"rendered":"<p><\/p>\n<p data-sourcepos=\"3:1-3:5\"><strong>Om&#8230;<\/strong><\/p>\n<p data-sourcepos=\"5:1-5:162\"><strong>Marco Cueva:<\/strong> skulpt\u00f6r. F\u00f6dd 1965 i San Pedro Sula, Honduras. 1990-96 Konststudier vid Kungliga Konsth\u00f6gskolan i Stockholm. Jag bor och arbetar i Str\u00f6msbergs Bruk.<\/p>\n<p><strong>Mitt Arbete:\u00a0 <\/strong>Jag arbetar med skulptur f\u00f6r att unders\u00f6ka hur kulturella symboler och motiv\u00a0 omvandlas och omtolkas i en samtida kontext. Genom att anv\u00e4nda mig av igenk\u00e4nnbara former, vill jag skapa verk som inbjuder till reflektion och dialog.<br \/>\nI mina skulpturer kombinerar jag element fr\u00e5n konsthistorien, popul\u00e4rkulturen och olika kulturella traditioner. Jag str\u00e4var efter att skapa verk som \u00e4r b\u00e5de visuellt tilltalande och intellektuellt stimulerande.<\/p>\n<p><strong>Bloggen: <\/strong><strong>\u201dEn Construcci\u00f3n (Arbete p\u00e5g\u00e5r)\u201d<\/strong>, h\u00e4r kan du f\u00f6lja p\u00e5g\u00e5ende arbetsprocesser, nya verk, bisysslor och annat som inspirerar och influerar mig.<\/p>\n<p>&nbsp;<\/p>\n<div class=\"gallery-frame \">","protected":false},"excerpt":{"rendered":"<p>Om&#8230; Marco Cueva: skulpt\u00f6r. F\u00f6dd 1965 i San Pedro Sula, Honduras. 1990-96 Konststudier vid Kungliga Konsth\u00f6gskolan i Stockholm. Jag bor och arbetar i Str\u00f6msbergs Bruk. Mitt Arbete:\u00a0 Jag arbetar med skulptur f\u00f6r att unders\u00f6ka hur kulturella symboler och motiv\u00a0 omvandlas och omtolkas i en samtida kontext. Genom att anv\u00e4nda mig av igenk\u00e4nnbara former, vill jag [&hellip;]<\/p>\n","protected":false},"author":1,"featured_media":9,"parent":0,"menu_order":0,"comment_status":"closed","ping_status":"closed","template":"","meta":{"jetpack_post_was_ever_published":false,"footnotes":""},"class_list":["post-5","page","type-page","status-publish","has-post-thumbnail","hentry"],"jetpack_shortlink":"https:\/\/wp.me\/P63sn4-5","jetpack-related-posts":[{"id":4896,"url":"https:\/\/marcocueva.com\/sv\/artist-portfolio\/the-garden-of-earthly-delights\/","url_meta":{"origin":5,"position":0},"title":"Lustg\u00e5rden","author":"Marco Cueva","date":"september 12, 2023","format":false,"excerpt":"\u00a0 \u00a0 Konstverk:\u00a0 Lustg\u00e5rden \u00c5r 2023 Konstn\u00e4r: Marco Cueva Material: Skulpturer i granitsten i olika f\u00e4rger och fr\u00e5n olika delar av v\u00e4rlden Plats: Rannebergens parkmilj\u00f6 i G\u00f6teborg Uppdragsgivare: Bostadsbolaget G\u00f6teborg Konstkonsult: Pia Mauno Konstn\u00e4ren Marco Cueva har med sina stenskulpturer befolkat Rannebergens vackra Parkmilj\u00f6. \u00a0Skulpturgruppen g\u00e5r i dialog med befintlig\u2026","rel":"","context":"Liknande inl\u00e4gg","block_context":{"text":"Liknande inl\u00e4gg","link":""},"img":{"alt_text":"","src":"https:\/\/i0.wp.com\/media1.marcocueva.com\/Rannebergen-1-of-2-2.jpg?fit=1200%2C900&ssl=1&resize=350%2C200","width":350,"height":200,"srcset":"https:\/\/i0.wp.com\/media1.marcocueva.com\/Rannebergen-1-of-2-2.jpg?fit=1200%2C900&ssl=1&resize=350%2C200 1x, https:\/\/i0.wp.com\/media1.marcocueva.com\/Rannebergen-1-of-2-2.jpg?fit=1200%2C900&ssl=1&resize=525%2C300 1.5x, https:\/\/i0.wp.com\/media1.marcocueva.com\/Rannebergen-1-of-2-2.jpg?fit=1200%2C900&ssl=1&resize=700%2C400 2x, https:\/\/i0.wp.com\/media1.marcocueva.com\/Rannebergen-1-of-2-2.jpg?fit=1200%2C900&ssl=1&resize=1050%2C600 3x"},"classes":[]},{"id":24,"url":"https:\/\/marcocueva.com\/sv\/about\/resume\/","url_meta":{"origin":5,"position":1},"title":"CV","author":"Marco Cueva","date":"april 17, 2015","format":false,"excerpt":"","rel":"","context":"Liknande inl\u00e4gg","block_context":{"text":"Liknande inl\u00e4gg","link":""},"img":{"alt_text":"","src":"","width":0,"height":0},"classes":[]},{"id":34,"url":"https:\/\/marcocueva.com\/sv\/","url_meta":{"origin":5,"position":2},"title":"Hem","author":"Marco Cueva","date":"april 17, 2015","format":false,"excerpt":"","rel":"","context":"Liknande inl\u00e4gg","block_context":{"text":"Liknande inl\u00e4gg","link":""},"img":{"alt_text":"","src":"","width":0,"height":0},"classes":[]},{"id":31,"url":"https:\/\/marcocueva.com\/sv\/blog\/","url_meta":{"origin":5,"position":3},"title":"Blogg","author":"Marco Cueva","date":"april 17, 2015","format":false,"excerpt":"","rel":"","context":"Liknande inl\u00e4gg","block_context":{"text":"Liknande inl\u00e4gg","link":""},"img":{"alt_text":"","src":"","width":0,"height":0},"classes":[]},{"id":11,"url":"https:\/\/marcocueva.com\/sv\/about\/contact\/","url_meta":{"origin":5,"position":4},"title":"Kontakta Mig","author":"Marco Cueva","date":"april 17, 2015","format":false,"excerpt":"F\u00f6r mer information kontakta mig via e-post: studio{at}marcocueva.com tel: +46(0)739281788","rel":"","context":"Liknande inl\u00e4gg","block_context":{"text":"Liknande inl\u00e4gg","link":""},"img":{"alt_text":"","src":"","width":0,"height":0},"classes":[]},{"id":13,"url":"https:\/\/marcocueva.com\/sv\/artist-portfolio\/","url_meta":{"origin":5,"position":5},"title":"Portf\u00f6lj","author":"Marco Cueva","date":"april 17, 2015","format":false,"excerpt":"","rel":"","context":"Liknande inl\u00e4gg","block_context":{"text":"Liknande inl\u00e4gg","link":""},"img":{"alt_text":"","src":"","width":0,"height":0},"classes":[]}],"jetpack_sharing_enabled":true,"_links":{"self":[{"href":"https:\/\/marcocueva.com\/sv\/wp-json\/wp\/v2\/pages\/5","targetHints":{"allow":["GET"]}}],"collection":[{"href":"https:\/\/marcocueva.com\/sv\/wp-json\/wp\/v2\/pages"}],"about":[{"href":"https:\/\/marcocueva.com\/sv\/wp-json\/wp\/v2\/types\/page"}],"author":[{"embeddable":true,"href":"https:\/\/marcocueva.com\/sv\/wp-json\/wp\/v2\/users\/1"}],"replies":[{"embeddable":true,"href":"https:\/\/marcocueva.com\/sv\/wp-json\/wp\/v2\/comments?post=5"}],"version-history":[{"count":5,"href":"https:\/\/marcocueva.com\/sv\/wp-json\/wp\/v2\/pages\/5\/revisions"}],"predecessor-version":[{"id":5151,"href":"https:\/\/marcocueva.com\/sv\/wp-json\/wp\/v2\/pages\/5\/revisions\/5151"}],"wp:featuredmedia":[{"embeddable":true,"href":"https:\/\/marcocueva.com\/sv\/wp-json\/wp\/v2\/media\/9"}],"wp:attachment":[{"href":"https:\/\/marcocueva.com\/sv\/wp-json\/wp\/v2\/media?parent=5"}],"curies":[{"name":"wp","href":"https:\/\/api.w.org\/{rel}","templated":true}]}}